{"id":38179,"date":"2023-09-29T12:48:42","date_gmt":"2023-09-29T16:48:42","guid":{"rendered":"https:\/\/ucb.edu.bo\/oruro\/postgrado\/?page_id=38179"},"modified":"2023-09-29T14:43:14","modified_gmt":"2023-09-29T18:43:14","slug":"acerca-de-postgrado-oruro","status":"publish","type":"page","link":"https:\/\/ucb.edu.bo\/oruro\/postgrado\/acerca-de-postgrado-oruro\/","title":{"rendered":"Acerca de"},"content":{"rendered":"<p><div class=\"fusion-fullwidth fullwidth-box fusion-builder-row-1 fusion-flex-container has-pattern-background has-mask-background fusion-parallax-none hundred-percent-fullwidth non-hundred-percent-height-scrolling lazyload\" style=\"--link_hover_color: #768e20;--link_color: #768e20;--awb-background-position:center top;--awb-border-sizes-top:0;--awb-border-sizes-bottom:0;--awb-border-sizes-left:0;--awb-border-sizes-right:0;--awb-border-color:#ffffff;--awb-border-radius-top-left:0px;--awb-border-radius-top-right:0px;--awb-border-radius-bottom-right:0px;--awb-border-radius-bottom-left:0px;--awb-padding-top:35px;--awb-padding-right:35px;--awb-padding-bottom:274px;--awb-padding-left:35px;--awb-padding-top-medium:25px;--awb-padding-right-medium:25px;--awb-padding-left-medium:25px;--awb-margin-top:0px;--awb-margin-bottom:0px;--awb-margin-bottom-medium:70px;--awb-margin-bottom-small:0px;--awb-background-image:linear-gradient(180deg, #0053c1 0%,rgba(0,195,229,0.61) 88%);;--awb-background-size:cover;--awb-flex-wrap:wrap;\" data-bg=\"https:\/\/ucb.edu.bo\/oruro\/postgrado\/wp-content\/uploads\/2023\/09\/virgen-candelaria-oruro.webp\" data-bg-gradient=\"linear-gradient(180deg, #0053c1 0%,rgba(0,195,229,0.61) 88%)\" ><div class=\"fusion-builder-row fusion-row fusion-flex-align-items-center fusion-flex-justify-content-center fusion-flex-content-wrap\" style=\"width:104% !important;max-width:104% !important;margin-left: calc(-4% \/ 2 );margin-right: calc(-4% \/ 2 );\"><div class=\"fusion-layout-column fusion_builder_column fusion-builder-column-0 fusion_builder_column_1_1 1_1 fusion-flex-column\" style=\"--awb-padding-top:10vw;--awb-padding-right:10vw;--awb-padding-bottom:17.333px;--awb-padding-left:10vw;--awb-padding-top-medium:60px;--awb-padding-right-medium:60px;--awb-padding-bottom-medium:60px;--awb-padding-left-medium:60px;--awb-padding-top-small:21.8906px;--awb-padding-right-small:0px;--awb-padding-left-small:0px;--awb-overflow:hidden;--awb-bg-position:center center;--awb-bg-blend:multiply;--awb-bg-size:cover;--awb-border-radius:20px 20px 20px 20px;--awb-width-large:100%;--awb-margin-top-large:0px;--awb-spacing-right-large:3.84%;--awb-margin-bottom-large:0px;--awb-spacing-left-large:3.84%;--awb-width-medium:100%;--awb-order-medium:0;--awb-spacing-right-medium:3.84%;--awb-spacing-left-medium:3.84%;--awb-width-small:100%;--awb-order-small:0;--awb-spacing-right-small:1.92%;--awb-spacing-left-small:1.92%;\" data-scroll-devices=\"small-visibility,medium-visibility,large-visibility\"><div class=\"fusion-column-wrapper fusion-column-has-shadow fusion-flex-justify-content-flex-start fusion-content-layout-column\"><div class=\"fusion-title title fusion-title-1 fusion-sep-none fusion-title-center fusion-title-text fusion-title-size-one\" style=\"--awb-text-color:#ffffff;--awb-margin-top:0px;--awb-margin-bottom:30px;--awb-font-size:50px;\"><h1 class=\"fusion-title-heading title-heading-center\" style=\"margin:0;font-size:1em;letter-spacing:var(--awb-typography1-letter-spacing);text-transform:var(--awb-typography1-text-transform);line-height:1.2;text-shadow:2px 2px 4px rgba(0,0,0,0.34);\">Acerca de Postgrado Oruro<\/h1><\/div><\/div><\/div><\/div><\/div><div class=\"fusion-fullwidth fullwidth-box fusion-builder-row-2 fusion-flex-container hundred-percent-fullwidth non-hundred-percent-height-scrolling\" style=\"--link_hover_color: #768e20;--link_color: #768e20;--awb-border-sizes-top:0px;--awb-border-sizes-bottom:0px;--awb-border-sizes-left:0px;--awb-border-sizes-right:0px;--awb-border-radius-top-left:0px;--awb-border-radius-top-right:0px;--awb-border-radius-bottom-right:0px;--awb-border-radius-bottom-left:0px;--awb-padding-top:100px;--awb-padding-right:80px;--awb-padding-bottom:100px;--awb-padding-left:80px;--awb-padding-top-small:60px;--awb-padding-bottom-small:60px;--awb-padding-left-small:82px;--awb-margin-top:0px;--awb-margin-bottom:0px;--awb-margin-bottom-medium:70px;--awb-margin-bottom-small:0px;--awb-background-color:#0069bf;--awb-flex-wrap:wrap;\" ><div class=\"fusion-builder-row fusion-row fusion-flex-align-items-center fusion-flex-content-wrap\" style=\"width:calc( 100% + 120px ) !important;max-width:calc( 100% + 120px ) !important;margin-left: calc(-120px \/ 2 );margin-right: calc(-120px \/ 2 );\"><div class=\"fusion-layout-column fusion_builder_column fusion-builder-column-1 fusion_builder_column_1_2 1_2 fusion-flex-column fusion-animated\" style=\"--awb-bg-size:cover;--awb-width-large:50%;--awb-margin-top-large:0px;--awb-spacing-right-large:calc( 0.04 * calc( 100% - 120px ) );--awb-margin-bottom-large:0px;--awb-spacing-left-large:60px;--awb-width-medium:60%;--awb-order-medium:0;--awb-spacing-right-medium:calc( 0.033333333333333 * calc( 100% - 120px ) );--awb-spacing-left-medium:60px;--awb-width-small:100%;--awb-order-small:1;--awb-spacing-right-small:0px;--awb-spacing-left-small:0px;\" data-animationType=\"fadeInDown\" data-animationDuration=\"1.3\" data-animationOffset=\"top-into-view\"><div class=\"fusion-column-wrapper fusion-column-has-shadow fusion-flex-justify-content-flex-start fusion-content-layout-column\"><div class=\"fusion-text fusion-text-1 fusion-animated fusion-text-no-margin\" style=\"--awb-content-alignment:justify;--awb-font-size:20px;--awb-line-height:1.7;--awb-letter-spacing:0px;--awb-text-transform:var(--awb-typography4-text-transform);--awb-text-color:#ffeee2;--awb-margin-right:1px;--awb-margin-bottom:45px;--awb-text-font-family:&quot;Raleway&quot;;--awb-text-font-style:normal;--awb-text-font-weight:400;\" data-animationType=\"fadeInLeft\" data-animationDuration=\"1.1\" data-animationOffset=\"top-into-view\"><p>La Universidad Cat\u00f3lica Boliviana \u201cSan Pablo\u201d es una instituci\u00f3n que pertenece a la Iglesia Cat\u00f3lica en Bolivia, fue creada el a\u00f1o 1966 y desde entonces fiel a su identidad institucional y vocaci\u00f3n de servicio ha contribuido al pa\u00eds con la formaci\u00f3n integral, no s\u00f3lo en competencias profesionales sino en valores, de m\u00e1s de treinta y cinco mil (35.ooo) profesionales que contribuyen en los distintos estamentos de la sociedad boliviana. En la actualidad, motivados por las profundas transformaciones que vive la sociedad contempor\u00e1nea en distintos \u00e1mbitos de la realidad, la instituci\u00f3n ha decido impulsar una nueva etapa que le permita responder a los desaf\u00edos de este tiempo desde su identidad cat\u00f3lica y sin perder su esencia de ser una Universidad P\u00fablica, Social y en Salida. As\u00ed lo expresan sus actuales estatutos aprobados el 8 de julio de 2021.<\/p>\n<\/div><\/div><\/div><div class=\"fusion-layout-column fusion_builder_column fusion-builder-column-2 fusion_builder_column_1_2 1_2 fusion-flex-column fusion-animated\" style=\"--awb-padding-right-small:0px;--awb-bg-size:cover;--awb-width-large:50%;--awb-margin-top-large:0px;--awb-spacing-right-large:60px;--awb-margin-bottom-large:0px;--awb-spacing-left-large:calc( 0.04 * calc( 100% - 120px ) );--awb-width-medium:40%;--awb-order-medium:0;--awb-spacing-right-medium:60px;--awb-spacing-left-medium:calc( 0.05 * calc( 100% - 120px ) );--awb-width-small:100%;--awb-order-small:0;--awb-spacing-right-small:0px;--awb-margin-bottom-small:50px;--awb-spacing-left-small:0px;\" data-animationType=\"fadeInRight\" data-animationDuration=\"1.3\" data-animationOffset=\"top-into-view\"><div class=\"fusion-column-wrapper fusion-column-has-shadow fusion-flex-justify-content-flex-start fusion-content-layout-column\"><div class=\"fusion-image-element \" style=\"--awb-mask-url: url(https:\/\/ucb.edu.bo\/oruro\/postgrado\/wp-content\/plugins\/fusion-builder\/\/assets\/images\/masks\/mask-10.svg);--awb-caption-overlay-color:#c0c479;--awb-caption-title-font-family:var(--h2_typography-font-family);--awb-caption-title-font-weight:var(--h2_typography-font-weight);--awb-caption-title-font-style:var(--h2_typography-font-style);--awb-caption-title-size:var(--h2_typography-font-size);--awb-caption-title-transform:var(--h2_typography-text-transform);--awb-caption-title-line-height:var(--h2_typography-line-height);--awb-caption-title-letter-spacing:var(--h2_typography-letter-spacing);\"><span class=\" fusion-imageframe imageframe-none imageframe-1 hover-type-none has-mask fusion-animated\" data-animationType=\"fadeInRight\" data-animationDuration=\"2.0\" data-animationOffset=\"top-into-view\"><img decoding=\"async\" width=\"800\" height=\"459\" title=\"oruro\" src=\"https:\/\/ucb.edu.bo\/oruro\/postgrado\/wp-content\/uploads\/2023\/09\/oruro.jpg\" data-orig-src=\"https:\/\/ucb.edu.bo\/oruro\/postgrado\/wp-content\/uploads\/2023\/09\/oruro-800x459.jpg\" alt class=\"lazyload img-responsive wp-image-38182\" srcset=\"data:image\/svg+xml,%3Csvg%20xmlns%3D%27http%3A%2F%2Fwww.w3.org%2F2000%2Fsvg%27%20width%3D%271711%27%20height%3D%27982%27%20viewBox%3D%270%200%201711%20982%27%3E%3Crect%20width%3D%271711%27%20height%3D%27982%27%20fill-opacity%3D%220%22%2F%3E%3C%2Fsvg%3E\" data-srcset=\"https:\/\/ucb.edu.bo\/oruro\/postgrado\/wp-content\/uploads\/2023\/09\/oruro-200x115.jpg 200w, https:\/\/ucb.edu.bo\/oruro\/postgrado\/wp-content\/uploads\/2023\/09\/oruro-400x230.jpg 400w, https:\/\/ucb.edu.bo\/oruro\/postgrado\/wp-content\/uploads\/2023\/09\/oruro-600x344.jpg 600w, https:\/\/ucb.edu.bo\/oruro\/postgrado\/wp-content\/uploads\/2023\/09\/oruro-800x459.jpg 800w, https:\/\/ucb.edu.bo\/oruro\/postgrado\/wp-content\/uploads\/2023\/09\/oruro-1200x689.jpg 1200w, https:\/\/ucb.edu.bo\/oruro\/postgrado\/wp-content\/uploads\/2023\/09\/oruro.jpg 1711w\" data-sizes=\"auto\" data-orig-sizes=\"(max-width: 640px) 100vw, 600px\" \/><\/span><\/div><\/div><\/div><\/div><\/div><div class=\"fusion-fullwidth fullwidth-box fusion-builder-row-3 fusion-flex-container hundred-percent-fullwidth non-hundred-percent-height-scrolling\" style=\"--link_hover_color: #768e20;--link_color: #768e20;--awb-border-sizes-top:0px;--awb-border-sizes-bottom:0px;--awb-border-sizes-left:0px;--awb-border-sizes-right:0px;--awb-border-radius-top-left:0px;--awb-border-radius-top-right:0px;--awb-border-radius-bottom-right:0px;--awb-border-radius-bottom-left:0px;--awb-padding-top:79px;--awb-padding-right:30px;--awb-padding-bottom:77px;--awb-padding-left:30px;--awb-padding-bottom-medium:120px;--awb-padding-top-small:0px;--awb-padding-right-small:50px;--awb-padding-bottom-small:50px;--awb-padding-left-small:50px;--awb-margin-top:0px;--awb-margin-bottom:0px;--awb-margin-bottom-medium:0px;--awb-background-color:#ffffff;--awb-flex-wrap:wrap;\" ><div class=\"fusion-builder-row fusion-row fusion-flex-align-items-center fusion-flex-content-wrap\" style=\"width:calc( 100% + 120px ) !important;max-width:calc( 100% + 120px ) !important;margin-left: calc(-120px \/ 2 );margin-right: calc(-120px \/ 2 );\"><div class=\"fusion-layout-column fusion_builder_column fusion-builder-column-3 fusion_builder_column_1_2 1_2 fusion-flex-column\" style=\"--awb-bg-size:cover;--awb-width-large:50%;--awb-margin-top-large:0px;--awb-spacing-right-large:calc( 0 * calc( 100% - 120px ) );--awb-margin-bottom-large:0px;--awb-spacing-left-large:0px;--awb-width-medium:50%;--awb-order-medium:0;--awb-spacing-right-medium:calc( 0 * calc( 100% - 120px ) );--awb-spacing-left-medium:0px;--awb-width-small:100%;--awb-order-small:0;--awb-spacing-right-small:0px;--awb-margin-bottom-small:35px;--awb-spacing-left-small:0px;\"><div class=\"fusion-column-wrapper fusion-column-has-shadow fusion-flex-justify-content-flex-start fusion-content-layout-column\"><div class=\"fusion-image-element \" style=\"--awb-caption-title-font-family:var(--h2_typography-font-family);--awb-caption-title-font-weight:var(--h2_typography-font-weight);--awb-caption-title-font-style:var(--h2_typography-font-style);--awb-caption-title-size:var(--h2_typography-font-size);--awb-caption-title-transform:var(--h2_typography-text-transform);--awb-caption-title-line-height:var(--h2_typography-line-height);--awb-caption-title-letter-spacing:var(--h2_typography-letter-spacing);\"><span class=\" fusion-imageframe imageframe-none imageframe-2 hover-type-none\"><img decoding=\"async\" width=\"1200\" height=\"600\" title=\"oruro-noche-ciudad\" src=\"https:\/\/ucb.edu.bo\/oruro\/postgrado\/wp-content\/uploads\/2023\/09\/oruro-noche-ciudad.webp\" data-orig-src=\"https:\/\/ucb.edu.bo\/oruro\/postgrado\/wp-content\/uploads\/2023\/09\/oruro-noche-ciudad.webp\" alt class=\"lazyload img-responsive wp-image-38188\" srcset=\"data:image\/svg+xml,%3Csvg%20xmlns%3D%27http%3A%2F%2Fwww.w3.org%2F2000%2Fsvg%27%20width%3D%271200%27%20height%3D%27600%27%20viewBox%3D%270%200%201200%20600%27%3E%3Crect%20width%3D%271200%27%20height%3D%27600%27%20fill-opacity%3D%220%22%2F%3E%3C%2Fsvg%3E\" data-srcset=\"https:\/\/ucb.edu.bo\/oruro\/postgrado\/wp-content\/uploads\/2023\/09\/oruro-noche-ciudad-200x100.webp 200w, https:\/\/ucb.edu.bo\/oruro\/postgrado\/wp-content\/uploads\/2023\/09\/oruro-noche-ciudad-300x150.webp 300w, https:\/\/ucb.edu.bo\/oruro\/postgrado\/wp-content\/uploads\/2023\/09\/oruro-noche-ciudad-400x200.webp 400w, https:\/\/ucb.edu.bo\/oruro\/postgrado\/wp-content\/uploads\/2023\/09\/oruro-noche-ciudad-600x300.webp 600w, https:\/\/ucb.edu.bo\/oruro\/postgrado\/wp-content\/uploads\/2023\/09\/oruro-noche-ciudad-768x384.webp 768w, https:\/\/ucb.edu.bo\/oruro\/postgrado\/wp-content\/uploads\/2023\/09\/oruro-noche-ciudad-800x400.webp 800w, https:\/\/ucb.edu.bo\/oruro\/postgrado\/wp-content\/uploads\/2023\/09\/oruro-noche-ciudad-1024x512.webp 1024w, https:\/\/ucb.edu.bo\/oruro\/postgrado\/wp-content\/uploads\/2023\/09\/oruro-noche-ciudad.webp 1200w\" data-sizes=\"auto\" data-orig-sizes=\"(max-width: 640px) 100vw, 800px\" \/><\/span><\/div><\/div><\/div><div class=\"fusion-layout-column fusion_builder_column fusion-builder-column-4 fusion_builder_column_2_5 2_5 fusion-flex-column fusion-animated\" style=\"--awb-bg-size:cover;--awb-width-large:40%;--awb-margin-top-large:0px;--awb-spacing-right-large:0px;--awb-margin-bottom-large:0px;--awb-spacing-left-large:calc( 0.05 * calc( 100% - 120px ) );--awb-width-medium:50%;--awb-order-medium:0;--awb-spacing-right-medium:0px;--awb-margin-bottom-medium:0px;--awb-spacing-left-medium:calc( 0.04 * calc( 100% - 120px ) );--awb-width-small:100%;--awb-order-small:1;--awb-spacing-right-small:18px;--awb-spacing-left-small:24px;\" data-animationType=\"fadeInLeft\" data-animationDuration=\"1.3\" data-animationOffset=\"top-into-view\"><div class=\"fusion-column-wrapper fusion-column-has-shadow fusion-flex-justify-content-flex-start fusion-content-layout-column\"><div class=\"fusion-text fusion-text-2\" style=\"--awb-content-alignment:justify;--awb-font-size:20px;--awb-line-height:1.7;--awb-letter-spacing:0px;--awb-text-transform:var(--awb-typography4-text-transform);--awb-text-color:rgba(12,14,1,0.8);--awb-text-font-family:&quot;Raleway&quot;;--awb-text-font-style:normal;--awb-text-font-weight:400;\"><p>En este sentido, es que mediante Resoluci\u00f3n CEB-PROT N.\u00ba 04\/23, la Conferencia Episcopal Boliviana, en fecha 11 de septiembre del presente a\u00f1o, autoriza que la Universidad Cat\u00f3lica Boliviana \u201cSan Pablo\u201d pueda instalar la Unidad Acad\u00e9mica Virgen del Socav\u00f3n (U.C.B. \u2013 Oruro) con el objetivo de contribuir en el desarrollo de esta importante regi\u00f3n del pa\u00eds y en igualdad de oportunidades promover el acceso a la educaci\u00f3n superior de calidad como un instrumento que contribuye en la concreci\u00f3n por alcanzar mayores niveles de Justicia Social y contribuir, fieles a la visi\u00f3n y misi\u00f3n institucional, con el Bien Com\u00fan.<\/p>\n<\/div><\/div><\/div><\/div><\/div><div class=\"fusion-fullwidth fullwidth-box fusion-builder-row-4 fusion-flex-container fusion-parallax-none hundred-percent-fullwidth non-hundred-percent-height-scrolling lazyload\" style=\"--link_hover_color: #768e20;--awb-background-blend-mode:multiply;--awb-border-sizes-top:0px;--awb-border-sizes-bottom:0px;--awb-border-sizes-left:0px;--awb-border-sizes-right:0px;--awb-border-radius-top-left:0px;--awb-border-radius-top-right:0px;--awb-border-radius-bottom-right:0px;--awb-border-radius-bottom-left:0px;--awb-padding-top:100px;--awb-padding-right:80px;--awb-padding-bottom:100px;--awb-padding-left:80px;--awb-padding-top-small:60px;--awb-padding-bottom-small:60px;--awb-padding-left-small:79px;--awb-margin-top:0px;--awb-margin-bottom:0px;--awb-margin-bottom-medium:70px;--awb-margin-bottom-small:0px;--awb-background-color:#00445b;--awb-background-size:cover;--awb-flex-wrap:wrap;\" data-bg=\"https:\/\/ucb.edu.bo\/oruro\/postgrado\/wp-content\/uploads\/2023\/09\/oruro-noche-ciudad.webp\" ><div class=\"fusion-builder-row fusion-row fusion-flex-align-items-center fusion-flex-content-wrap\" style=\"width:calc( 100% + 120px ) !important;max-width:calc( 100% + 120px ) !important;margin-left: calc(-120px \/ 2 );margin-right: calc(-120px \/ 2 );\"><div class=\"fusion-layout-column fusion_builder_column fusion-builder-column-5 fusion_builder_column_1_2 1_2 fusion-flex-column fusion-no-small-visibility fusion-animated\" style=\"--awb-padding-right-small:0px;--awb-padding-left-small:0px;--awb-bg-size:cover;--awb-width-large:50%;--awb-margin-top-large:0px;--awb-spacing-right-large:60px;--awb-margin-bottom-large:0px;--awb-spacing-left-large:calc( 0.04 * calc( 100% - 120px ) );--awb-width-medium:40%;--awb-order-medium:0;--awb-spacing-right-medium:60px;--awb-spacing-left-medium:calc( 0.05 * calc( 100% - 120px ) );--awb-width-small:100%;--awb-order-small:0;--awb-spacing-right-small:0px;--awb-margin-bottom-small:25px;--awb-spacing-left-small:0px;\" data-animationType=\"fadeInRight\" data-animationDuration=\"1.3\" data-animationOffset=\"top-into-view\"><div class=\"fusion-column-wrapper fusion-column-has-shadow fusion-flex-justify-content-flex-start fusion-content-layout-column\"><\/div><\/div><div class=\"fusion-layout-column fusion_builder_column fusion-builder-column-6 fusion_builder_column_1_2 1_2 fusion-flex-column fusion-animated\" style=\"--awb-padding-right-small:0px;--awb-bg-size:cover;--awb-width-large:50%;--awb-margin-top-large:0px;--awb-spacing-right-large:calc( 0.04 * calc( 100% - 120px ) );--awb-margin-bottom-large:0px;--awb-spacing-left-large:60px;--awb-width-medium:60%;--awb-order-medium:0;--awb-spacing-right-medium:calc( 0.033333333333333 * calc( 100% - 120px ) );--awb-spacing-left-medium:60px;--awb-width-small:100%;--awb-order-small:1;--awb-spacing-right-small:0px;--awb-spacing-left-small:0px;\" data-animationType=\"fadeInLeft\" data-animationDuration=\"1.7\" data-animationOffset=\"top-into-view\"><div class=\"fusion-column-wrapper fusion-column-has-shadow fusion-flex-justify-content-flex-start fusion-content-layout-column\"><div class=\"fusion-text fusion-text-3 fusion-text-no-margin\" style=\"--awb-content-alignment:justify;--awb-font-size:20px;--awb-line-height:1.7;--awb-letter-spacing:0px;--awb-text-transform:var(--awb-typography4-text-transform);--awb-text-color:#47afff;--awb-margin-bottom:45px;--awb-text-font-family:&quot;Raleway&quot;;--awb-text-font-style:normal;--awb-text-font-weight:400;\"><p>Es un cap\u00edtulo nuevo, lleno de esperanza y optimismo, que la Unidad Acad\u00e9mica Virgen del Socav\u00f3n (U.C.B. &#8211; Oruro) abre en la vida institucional de la U.C.B. San Pablo. Estamos convencidos de que desde aqu\u00ed sin duda germinar\u00e1n excelentes frutos dado el cuidado y dedicaci\u00f3n con el que se ha dise\u00f1ado este proyecto acad\u00e9mico de excelencia y con el que se espera irradiar un esp\u00edritu renovado e irradiar d\u00edas luminosos por venir para esta zona y su gente. Nos mueve el esp\u00edritu de cristo, a partir del di\u00e1logo entre fe y raz\u00f3n, as\u00ed como el compromiso de llegar a servir en todos los rincones del territorio del Estado Plurinacional de Bolivia, escuchando y acompa\u00f1ando a la gente, concretamente de Oruro,  en sus procesos de aprendizaje, capacitaci\u00f3n profesional y formaci\u00f3n personal a lo largo de la vida en un di\u00e1logo y reflexi\u00f3n permanente a nivel interno, en interacci\u00f3n con otros, por ejemplo al interior de la familia, y tambi\u00e9n en el \u00e1mbito social.<\/p>\n<\/div><\/div><\/div><\/div><\/div><\/p>\n","protected":false},"excerpt":{"rendered":"","protected":false},"author":1,"featured_media":0,"parent":0,"menu_order":0,"comment_status":"closed","ping_status":"closed","template":"100-width.php","meta":{"inline_featured_image":false,"_joinchat":[],"footnotes":"","_links_to":"","_links_to_target":""},"class_list":["post-38179","page","type-page","status-publish","hentry"],"_links":{"self":[{"href":"https:\/\/ucb.edu.bo\/oruro\/postgrado\/wp-json\/wp\/v2\/pages\/38179","targetHints":{"allow":["GET"]}}],"collection":[{"href":"https:\/\/ucb.edu.bo\/oruro\/postgrado\/wp-json\/wp\/v2\/pages"}],"about":[{"href":"https:\/\/ucb.edu.bo\/oruro\/postgrado\/wp-json\/wp\/v2\/types\/page"}],"author":[{"embeddable":true,"href":"https:\/\/ucb.edu.bo\/oruro\/postgrado\/wp-json\/wp\/v2\/users\/1"}],"replies":[{"embeddable":true,"href":"https:\/\/ucb.edu.bo\/oruro\/postgrado\/wp-json\/wp\/v2\/comments?post=38179"}],"version-history":[{"count":7,"href":"https:\/\/ucb.edu.bo\/oruro\/postgrado\/wp-json\/wp\/v2\/pages\/38179\/revisions"}],"predecessor-version":[{"id":38192,"href":"https:\/\/ucb.edu.bo\/oruro\/postgrado\/wp-json\/wp\/v2\/pages\/38179\/revisions\/38192"}],"wp:attachment":[{"href":"https:\/\/ucb.edu.bo\/oruro\/postgrado\/wp-json\/wp\/v2\/media?parent=38179"}],"curies":[{"name":"wp","href":"https:\/\/api.w.org\/{rel}","templated":true}]}}