{"id":3568,"date":"2025-08-21T10:57:39","date_gmt":"2025-08-21T14:57:39","guid":{"rendered":"https:\/\/ucb.edu.bo\/biblioteca\/?page_id=3568"},"modified":"2025-08-21T10:57:39","modified_gmt":"2025-08-21T14:57:39","slug":"portaldialnetcriss","status":"publish","type":"page","link":"https:\/\/ucb.edu.bo\/biblioteca\/portaldialnetcriss\/","title":{"rendered":"Portal Dialnet CRIS UCB"},"content":{"rendered":"<section class=\"wpb-content-wrapper\"><p>[vc_row][vc_column icons_position=&#8221;left&#8221;][vc_column_text]<\/p>\n<div class=\"index-hero__titulo\">\n<h1 style=\"text-align: center;\">\u00a0 \u00a0 \u00a0 \u00a0PORTAL DE INVESTIGACI\u00d3N DIALNET CRIS UCB<\/h1>\n<p>&nbsp;<\/p>\n<p>&nbsp;<\/p>\n<p style=\"text-align: center;\"><img decoding=\"async\" src=\"https:\/\/investigacion.ucb.edu.bo\/img\/ucb-logo.png\" alt=\"Universidad Cat\u00f3lica Boliviana San Pablo\" \/><\/p>\n<\/div>\n<div class=\"index-hero__descripcion\">\n<p>&nbsp;<\/p>\n<p>&nbsp;<\/p>\n<h3 style=\"text-align: center;\"><span class=\"trx_addons_dark\"><strong>Guiados por nuestra misi\u00f3n y visi\u00f3n el \u201cPortal de Investigaci\u00f3n Cient\u00edfica de la U.C.B.\u201d es un espacio dedicado a fomentar, visibilizar y proyectar el trabajo acad\u00e9mico e investigativo de una Universidad que a la luz de los documentos del Magisterio de la Iglesia, es fiel a la identidad cat\u00f3lica v\u00edvida y veraz, que refleja la comuni\u00f3n en pertenencia a una sola comunidad universitaria en el seno de la Iglesia, que responde al reto de identificar los signos de cambio para aportar soluciones en bien de la sociedad boliviana y contribuir al contexto internacional. Pero, sobre todo, significa ser una verdadera universidad en salida comprometida con la transformaci\u00f3n de la educaci\u00f3n.<\/strong><\/span><\/h3>\n<\/div>\n<p>[\/vc_column_text][vc_btn title=&#8221;EXPLORAR&#8221; color=&#8221;primary&#8221; size=&#8221;lg&#8221; link=&#8221;url:https%3A%2F%2Finvestigacion.ucb.edu.bo%2F&#8221;][\/vc_column][\/vc_row]<\/p>\n<\/section>","protected":false},"excerpt":{"rendered":"<p>[vc_row][vc_column icons_position=&#8221;left&#8221;][vc_column_text] \u00a0 \u00a0 \u00a0 \u00a0PORTAL DE INVESTIGACI\u00d3N DIALNET CRIS UCB &nbsp;&hellip;<\/p>\n","protected":false},"author":13,"featured_media":0,"parent":0,"menu_order":0,"comment_status":"closed","ping_status":"closed","template":"","meta":{"footnotes":""},"class_list":["post-3568","page","type-page","status-publish","hentry"],"_links":{"self":[{"href":"https:\/\/ucb.edu.bo\/biblioteca\/wp-json\/wp\/v2\/pages\/3568","targetHints":{"allow":["GET"]}}],"collection":[{"href":"https:\/\/ucb.edu.bo\/biblioteca\/wp-json\/wp\/v2\/pages"}],"about":[{"href":"https:\/\/ucb.edu.bo\/biblioteca\/wp-json\/wp\/v2\/types\/page"}],"author":[{"embeddable":true,"href":"https:\/\/ucb.edu.bo\/biblioteca\/wp-json\/wp\/v2\/users\/13"}],"replies":[{"embeddable":true,"href":"https:\/\/ucb.edu.bo\/biblioteca\/wp-json\/wp\/v2\/comments?post=3568"}],"version-history":[{"count":4,"href":"https:\/\/ucb.edu.bo\/biblioteca\/wp-json\/wp\/v2\/pages\/3568\/revisions"}],"predecessor-version":[{"id":3572,"href":"https:\/\/ucb.edu.bo\/biblioteca\/wp-json\/wp\/v2\/pages\/3568\/revisions\/3572"}],"wp:attachment":[{"href":"https:\/\/ucb.edu.bo\/biblioteca\/wp-json\/wp\/v2\/media?parent=3568"}],"curies":[{"name":"wp","href":"https:\/\/api.w.org\/{rel}","templated":true}]}}