{"id":3455,"date":"2025-03-11T15:00:13","date_gmt":"2025-03-11T19:00:13","guid":{"rendered":"https:\/\/ucb.edu.bo\/biblioteca\/?page_id=3455"},"modified":"2025-03-11T15:42:56","modified_gmt":"2025-03-11T19:42:56","slug":"personal-bibliotecas-sede-sc","status":"publish","type":"page","link":"https:\/\/ucb.edu.bo\/biblioteca\/sede-santa-cruz\/personal-bibliotecas-sede-sc\/","title":{"rendered":"Personal Bibliotecas Sede Santa Cruz"},"content":{"rendered":"<section class=\"wpb-content-wrapper\"><p>[vc_row][vc_column icons_position=&#8221;left&#8221;]<div id=\"sc_title_795170885\"\n\t\tclass=\"sc_title sc_title_default\"><h2 class=\"sc_item_title sc_title_title sc_align_center sc_item_title_style_default\"><span class=\"sc_item_title_text\">Personal de Bibliotecas Sede Santa Cruz<\/span><\/h2><\/div><!-- \/.sc_title -->[vc_empty_space height=&#8221;&#8221; alter_height=&#8221;medium&#8221; hide_on_desktop=&#8221;&#8221; hide_on_notebook=&#8221;&#8221; hide_on_tablet=&#8221;&#8221; hide_on_mobile=&#8221;&#8221;][\/vc_column][\/vc_row][vc_row hide_bg_image_on_tablet=&#8221;&#8221; hide_bg_image_on_mobile=&#8221;&#8221; css=&#8221;.vc_custom_1700685677143{margin-bottom: 35px !important;}&#8221;][vc_column icons_position=&#8221;left&#8221;][\/vc_column][\/vc_row][vc_row hide_bg_image_on_tablet=&#8221;&#8221; hide_bg_image_on_mobile=&#8221;&#8221; css=&#8221;.vc_custom_1700685677143{margin-bottom: 35px !important;}&#8221;][vc_column width=&#8221;1\/3&#8243; icons_position=&#8221;left&#8221;][\/vc_column][vc_column width=&#8221;1\/3&#8243; icons_position=&#8221;left&#8221;][vc_single_image image=&#8221;3318&#8243; img_size=&#8221;250&#215;250&#8243; alignment=&#8221;center&#8221;][vc_empty_space][vc_column_text]<\/p>\n<p style=\"text-align: center;\">Katterine Urquiola Salazar<br \/>\n<strong>ENCARGADA DE BIBLIOTECA<\/strong><br \/>\n<em>3 3000100 int. 3202<\/em><br \/>\n<em>kurquiola@ucb.edu.bo<\/em><\/p>\n<p>[\/vc_column_text][vc_empty_space][\/vc_column][vc_column width=&#8221;1\/3&#8243; icons_position=&#8221;left&#8221;][\/vc_column][\/vc_row][vc_row hide_bg_image_on_tablet=&#8221;&#8221; hide_bg_image_on_mobile=&#8221;&#8221; css=&#8221;.vc_custom_1700685677143{margin-bottom: 35px !important;}&#8221;][vc_column width=&#8221;1\/4&#8243; icons_position=&#8221;left&#8221;][\/vc_column][vc_column width=&#8221;1\/4&#8243; icons_position=&#8221;left&#8221;][vc_single_image image=&#8221;3313&#8243; img_size=&#8221;250&#215;250&#8243; alignment=&#8221;center&#8221;][vc_empty_space][vc_column_text]<\/p>\n<p style=\"text-align: center;\">Herm\u00f3genes Patic\u00fa Laber\u00e1n<br \/>\n<strong>AUXILIAR DE BIBLIOTECA<\/strong><br \/>\n<em>3 3000100 int. 3201<\/em><br \/>\n<em>hpaticu@ucb.edu.bo<\/em><\/p>\n<p>[\/vc_column_text][vc_empty_space][\/vc_column][vc_column width=&#8221;1\/4&#8243; icons_position=&#8221;left&#8221;][vc_single_image image=&#8221;3320&#8243; img_size=&#8221;250&#215;250&#8243; alignment=&#8221;center&#8221;][vc_empty_space][vc_column_text]<\/p>\n<p style=\"text-align: center;\">Maria Mirtha\u00a0Oliva Maturana<br \/>\n<strong>SECRETARIA DE DERECHO<\/strong><br \/>\n<strong>APOYO BIBLIOTECA DE DERECHO<\/strong><br \/>\n<em>3 3000100 int. 3241<\/em><br \/>\n<em>moliva@ucb.edu.bo<\/em><\/p>\n<p>[\/vc_column_text][vc_empty_space][\/vc_column][vc_column width=&#8221;1\/4&#8243; icons_position=&#8221;left&#8221;][\/vc_column][\/vc_row][vc_row hide_bg_image_on_tablet=&#8221;&#8221; hide_bg_image_on_mobile=&#8221;&#8221; css=&#8221;.vc_custom_1700685677143{margin-bottom: 35px !important;}&#8221;][vc_column icons_position=&#8221;left&#8221;][\/vc_column][\/vc_row]<\/p>\n<\/section>","protected":false},"excerpt":{"rendered":"<p>[vc_row][vc_column icons_position=&#8221;left&#8221;][vc_empty_space height=&#8221;&#8221; alter_height=&#8221;medium&#8221; hide_on_desktop=&#8221;&#8221; hide_on_notebook=&#8221;&#8221; hide_on_tablet=&#8221;&#8221; hide_on_mobile=&#8221;&#8221;][\/vc_column][\/vc_row][vc_row hide_bg_image_on_tablet=&#8221;&#8221; hide_bg_image_on_mobile=&#8221;&#8221; css=&#8221;.vc_custom_1700685677143{margin-bottom: 35px&hellip;<\/p>\n","protected":false},"author":13,"featured_media":0,"parent":2284,"menu_order":3,"comment_status":"closed","ping_status":"closed","template":"","meta":{"footnotes":""},"class_list":["post-3455","page","type-page","status-publish","hentry"],"_links":{"self":[{"href":"https:\/\/ucb.edu.bo\/biblioteca\/wp-json\/wp\/v2\/pages\/3455","targetHints":{"allow":["GET"]}}],"collection":[{"href":"https:\/\/ucb.edu.bo\/biblioteca\/wp-json\/wp\/v2\/pages"}],"about":[{"href":"https:\/\/ucb.edu.bo\/biblioteca\/wp-json\/wp\/v2\/types\/page"}],"author":[{"embeddable":true,"href":"https:\/\/ucb.edu.bo\/biblioteca\/wp-json\/wp\/v2\/users\/13"}],"replies":[{"embeddable":true,"href":"https:\/\/ucb.edu.bo\/biblioteca\/wp-json\/wp\/v2\/comments?post=3455"}],"version-history":[{"count":3,"href":"https:\/\/ucb.edu.bo\/biblioteca\/wp-json\/wp\/v2\/pages\/3455\/revisions"}],"predecessor-version":[{"id":3469,"href":"https:\/\/ucb.edu.bo\/biblioteca\/wp-json\/wp\/v2\/pages\/3455\/revisions\/3469"}],"up":[{"embeddable":true,"href":"https:\/\/ucb.edu.bo\/biblioteca\/wp-json\/wp\/v2\/pages\/2284"}],"wp:attachment":[{"href":"https:\/\/ucb.edu.bo\/biblioteca\/wp-json\/wp\/v2\/media?parent=3455"}],"curies":[{"name":"wp","href":"https:\/\/api.w.org\/{rel}","templated":true}]}}