{"id":3368,"date":"2025-03-10T16:25:45","date_gmt":"2025-03-10T20:25:45","guid":{"rendered":"https:\/\/ucb.edu.bo\/biblioteca\/?page_id=3368"},"modified":"2025-04-09T13:18:38","modified_gmt":"2025-04-09T17:18:38","slug":"personallp","status":"publish","type":"page","link":"https:\/\/ucb.edu.bo\/biblioteca\/sede-la-paz\/personallp\/","title":{"rendered":"Personal Bibliotecas Sede La Paz"},"content":{"rendered":"<section class=\"wpb-content-wrapper\"><p>[vc_row][vc_column icons_position=&#8221;left&#8221;]<div id=\"sc_title_395545177\"\n\t\tclass=\"sc_title sc_title_default\"><h2 class=\"sc_item_title sc_title_title sc_align_center sc_item_title_style_default\"><span class=\"sc_item_title_text\">Personal de Bibliotecas Sede La Paz<\/span><\/h2><\/div><!-- \/.sc_title -->[vc_empty_space height=&#8221;&#8221; alter_height=&#8221;medium&#8221; hide_on_desktop=&#8221;&#8221; hide_on_notebook=&#8221;&#8221; hide_on_tablet=&#8221;&#8221; hide_on_mobile=&#8221;&#8221;][\/vc_column][\/vc_row][vc_row hide_bg_image_on_tablet=&#8221;&#8221; hide_bg_image_on_mobile=&#8221;&#8221; css=&#8221;.vc_custom_1700685677143{margin-bottom: 35px !important;}&#8221;][vc_column width=&#8221;1\/3&#8243; icons_position=&#8221;left&#8221;][\/vc_column][vc_column width=&#8221;1\/3&#8243; icons_position=&#8221;left&#8221;][vc_single_image image=&#8221;3307&#8243; img_size=&#8221;350&#215;350&#8243; alignment=&#8221;center&#8221;][vc_empty_space hide_on_wide=&#8221;&#8221; hide_on_desktop=&#8221;&#8221; hide_on_notebook=&#8221;&#8221; hide_on_tablet=&#8221;&#8221; hide_on_mobile=&#8221;&#8221;][vc_column_text]<\/p>\n<p style=\"text-align: center;\">MSc. Andrea Ballivi\u00e1n Blanco<br \/>\n<strong>DIRECTORA DE BIBLIOTECA CENTRAL<\/strong><br \/>\n<em>2782222 int 2370<\/em><br \/>\n<em>aballivian@ucb.edu.bo<\/em>[\/vc_column_text][vc_empty_space hide_on_wide=&#8221;&#8221; hide_on_desktop=&#8221;&#8221; hide_on_notebook=&#8221;&#8221; hide_on_tablet=&#8221;&#8221; hide_on_mobile=&#8221;&#8221;][\/vc_column][vc_column width=&#8221;1\/3&#8243; icons_position=&#8221;left&#8221;][\/vc_column][vc_column icons_position=&#8221;left&#8221;][\/vc_column][\/vc_row][vc_row hide_bg_image_on_tablet=&#8221;&#8221; hide_bg_image_on_mobile=&#8221;&#8221; css=&#8221;.vc_custom_1700685677143{margin-bottom: 35px !important;}&#8221;][vc_column width=&#8221;1\/4&#8243; icons_position=&#8221;left&#8221;][\/vc_column][vc_column width=&#8221;1\/4&#8243; icons_position=&#8221;left&#8221;][vc_single_image image=&#8221;3309&#8243; img_size=&#8221;250&#215;250&#8243; alignment=&#8221;center&#8221;][vc_empty_space][vc_column_text]<\/p>\n<p style=\"text-align: center;\">Crissel Ybanka Gutierrez Ticona<br \/>\n<strong>RESPONSABLE DE LA UNIDAD DE INFORMATICA BC<\/strong><br \/>\n<em>2782222 int. 2379<\/em><br \/>\n<em>cgutierrez.t@ucb.edu.bo<\/em>[\/vc_column_text][vc_empty_space][\/vc_column][vc_column width=&#8221;1\/4&#8243; icons_position=&#8221;left&#8221;][vc_single_image image=&#8221;3315&#8243; img_size=&#8221;1500&#215;300&#8243; alignment=&#8221;center&#8221;][vc_empty_space][vc_column_text]<\/p>\n<p style=\"text-align: center;\">Jorge Daza Mendoza<br \/>\n<strong>BIBLIOTECARIO DE LA UNIDAD DE INFORM\u00c1TICA BC<\/strong><br \/>\n<em>2782222 int. 2381<\/em><br \/>\n<em>jdaza@ucb.edu.bo<\/em>[\/vc_column_text][vc_empty_space][\/vc_column][vc_column width=&#8221;1\/4&#8243; icons_position=&#8221;left&#8221;][\/vc_column][\/vc_row][vc_row hide_bg_image_on_tablet=&#8221;&#8221; hide_bg_image_on_mobile=&#8221;&#8221; css=&#8221;.vc_custom_1700685677143{margin-bottom: 35px !important;}&#8221;][vc_column width=&#8221;1\/4&#8243; icons_position=&#8221;left&#8221;][\/vc_column][vc_column width=&#8221;1\/4&#8243; icons_position=&#8221;left&#8221;][vc_single_image image=&#8221;3308&#8243; img_size=&#8221;250&#215;250&#8243; alignment=&#8221;center&#8221;][vc_empty_space][vc_column_text]<\/p>\n<p style=\"text-align: center;\">Celia Condori Si\u00f1ani<br \/>\n<strong>RESPONSABLE DE LA UNIDAD DE PROCESOS T\u00c9CNICOS BC<\/strong><br \/>\n<em>2782222 int. 2372<\/em><br \/>\n<em>ccondori@ucb.edu.bo<\/em>[\/vc_column_text][vc_empty_space][\/vc_column][vc_column width=&#8221;1\/4&#8243; icons_position=&#8221;left&#8221;][vc_single_image image=&#8221;3314&#8243; img_size=&#8221;250&#215;250&#8243; alignment=&#8221;center&#8221;][vc_empty_space][vc_column_text]<\/p>\n<p style=\"text-align: center;\">Jaime Espinar Gonzales<br \/>\n<strong>BIBLIOTECARIO DE LA UNIDAD DE PROCESOS T\u00c9CNICOS BC<\/strong><br \/>\n<em>2782222 int. 2372<\/em><br \/>\n<em>jespinar@ucb.edu.bo<\/em>[\/vc_column_text][vc_empty_space][\/vc_column][vc_column width=&#8221;1\/4&#8243; icons_position=&#8221;left&#8221;][\/vc_column][\/vc_row][vc_row hide_bg_image_on_tablet=&#8221;&#8221; hide_bg_image_on_mobile=&#8221;&#8221; css=&#8221;.vc_custom_1700685677143{margin-bottom: 35px !important;}&#8221;][vc_column width=&#8221;1\/3&#8243; icons_position=&#8221;left&#8221;][vc_single_image image=&#8221;3319&#8243; img_size=&#8221;250&#215;250&#8243; alignment=&#8221;center&#8221;][vc_empty_space][vc_column_text]<\/p>\n<p style=\"text-align: center;\">Miriam M. Tancara Mamani<br \/>\n<strong>RESPONSABLE DE LA UNIDAD DE SERVICIOS BC<\/strong><br \/>\n<em>2782222 int. 2377<\/em><br \/>\n<em>mtancara@ucb.edu.bo<\/em>[\/vc_column_text][vc_empty_space][\/vc_column][vc_column width=&#8221;1\/3&#8243; icons_position=&#8221;left&#8221;][vc_single_image image=&#8221;3316&#8243; img_size=&#8221;250&#215;250&#8243; alignment=&#8221;center&#8221;][vc_empty_space][vc_column_text]<\/p>\n<p style=\"text-align: center;\">Jos\u00e9 Manuel Vel\u00e1squez C\u00e9spedes<br \/>\n<strong>BIBLIOTECARIO DE LA UNIDAD DE SERVICIOS BC<\/strong><br \/>\n<em>2782222 int. 2383<\/em><br \/>\n<em>jvelasquez.c@ucb.edu.bo<\/em>[\/vc_column_text][vc_empty_space][\/vc_column][vc_column width=&#8221;1\/3&#8243; icons_position=&#8221;left&#8221;][vc_single_image image=&#8221;3400&#8243; img_size=&#8221;250&#215;250&#8243; alignment=&#8221;center&#8221;][vc_empty_space][vc_column_text]<\/p>\n<p style=\"text-align: center;\">Javier Germ\u00e1n Guzm\u00e1n Molina<br \/>\n<strong>BIBLIOTECARIO DE LA UNIDAD DE SERVICIOS BC<\/strong><br \/>\n<em>2782222 int. 2384<\/em><br \/>\n<em>jguzm\u00e1n@ucb.edu.bo<\/em>[\/vc_column_text][vc_empty_space][\/vc_column][vc_column icons_position=&#8221;left&#8221;][\/vc_column][\/vc_row][vc_row hide_bg_image_on_tablet=&#8221;&#8221; hide_bg_image_on_mobile=&#8221;&#8221; css=&#8221;.vc_custom_1700685677143{margin-bottom: 35px !important;}&#8221;][vc_column width=&#8221;1\/3&#8243; icons_position=&#8221;left&#8221;][vc_single_image image=&#8221;3306&#8243; img_size=&#8221;250&#215;250&#8243; alignment=&#8221;center&#8221;][vc_empty_space][vc_column_text]<\/p>\n<p style=\"text-align: center;\">\u00a0Agar Rosario Fern\u00e1ndez Mendoza<br \/>\n<strong>BIBLIOTECARIA DE LA UNIDAD DE SERVICIOS BC<\/strong><br \/>\n<em>2782222 int. 2384<\/em><br \/>\n<em>afernandez@ucb.edu.bo<\/em>[\/vc_column_text][vc_empty_space][\/vc_column][vc_column width=&#8221;1\/3&#8243; icons_position=&#8221;left&#8221;][vc_single_image image=&#8221;3321&#8243; img_size=&#8221;250&#215;250&#8243; alignment=&#8221;center&#8221;][vc_empty_space][vc_column_text]<\/p>\n<p style=\"text-align: center;\">Norma Gabriela V\u00e1squez Cruz<br \/>\n<strong>BIBLIOTECARIA DE LA UNIDAD DE SERVICIOS BC<\/strong><br \/>\n<em>2782222 int. 2373<\/em><br \/>\n<em>nvasquez@ucb.edu.bo<\/em>[\/vc_column_text][vc_empty_space][\/vc_column][vc_column width=&#8221;1\/3&#8243; icons_position=&#8221;left&#8221;][vc_single_image image=&#8221;3317&#8243; img_size=&#8221;250&#215;250&#8243; alignment=&#8221;center&#8221;][vc_empty_space][vc_column_text]<\/p>\n<p style=\"text-align: center;\">Juan Jaime L\u00f3pez Arraya<br \/>\n<strong>BIBLIOTECARIO DE LA UNIDAD DE SERVICIOS BC<\/strong><br \/>\n<em>2782222 int. 2374<\/em><br \/>\n<em>jlopez@ucb.edu.bo<\/em>[\/vc_column_text][vc_empty_space][\/vc_column][vc_column icons_position=&#8221;left&#8221;][\/vc_column][\/vc_row][vc_row hide_bg_image_on_tablet=&#8221;&#8221; hide_bg_image_on_mobile=&#8221;&#8221; css=&#8221;.vc_custom_1700685677143{margin-bottom: 35px !important;}&#8221;][vc_column width=&#8221;1\/3&#8243; icons_position=&#8221;left&#8221;][vc_single_image image=&#8221;3311&#8243; img_size=&#8221;250&#215;250&#8243; alignment=&#8221;center&#8221;][vc_empty_space][vc_column_text]<\/p>\n<p style=\"text-align: center;\">Guido Adalberto Villena Valle<br \/>\n<strong>BIBLIOTECARIO<\/strong><br \/>\n<strong>BIBLIOTECA ESPECIALIZADA DE ARQUITECTURA<\/strong><br \/>\n<em>2782222 int. 2904<\/em><br \/>\n<em>gvillena@ucb.edu.bo<\/em>[\/vc_column_text][vc_empty_space][\/vc_column][vc_column width=&#8221;1\/3&#8243; icons_position=&#8221;left&#8221;][vc_single_image image=&#8221;3459&#8243; img_size=&#8221;220X210&#8243; alignment=&#8221;center&#8221;][vc_empty_space][vc_column_text]<\/p>\n<p style=\"text-align: center;\">Atilio Gaudio Inch Miranda<br \/>\n<strong>BIBLIOTECARIO<\/strong><br \/>\n<strong>BIBLIOTECA ESPECIALIZADA DE DISE\u00d1O GR\u00c1FICO Y COMUNICACI\u00d3N VISUAL Y DISE\u00d1O DIGITAL<\/strong><br \/>\n<em>2782222 int. 2916<\/em><br \/>\n<em>ainch@ucb.edu.bo<\/em><\/p>\n<p>[\/vc_column_text][vc_empty_space][\/vc_column][vc_column width=&#8221;1\/3&#8243; icons_position=&#8221;left&#8221;][vc_single_image image=&#8221;3486&#8243; img_size=&#8221;210&#215;210&#8243; alignment=&#8221;center&#8221;][vc_empty_space hide_on_wide=&#8221;&#8221; hide_on_desktop=&#8221;&#8221; hide_on_notebook=&#8221;&#8221; hide_on_tablet=&#8221;&#8221; hide_on_mobile=&#8221;&#8221;][vc_column_text]<\/p>\n<p style=\"text-align: center;\">Tatiana Benitez Rossel<br \/>\n<strong>RESPONSABLE<\/strong><br \/>\n<strong>PLATAFORMAS VIRTUALES Y BIBLIOTECA EPC<\/strong><br \/>\n<em>2786719 &#8211; 2786729 int. 125<\/em><br \/>\n<em>tbenitez@ucb.edu.bo<\/em><\/p>\n<p>[\/vc_column_text][vc_empty_space][\/vc_column][\/vc_row]<\/p>\n<\/section>","protected":false},"excerpt":{"rendered":"<p>[vc_row][vc_column icons_position=&#8221;left&#8221;][vc_empty_space height=&#8221;&#8221; alter_height=&#8221;medium&#8221; hide_on_desktop=&#8221;&#8221; hide_on_notebook=&#8221;&#8221; hide_on_tablet=&#8221;&#8221; hide_on_mobile=&#8221;&#8221;][\/vc_column][\/vc_row][vc_row hide_bg_image_on_tablet=&#8221;&#8221; hide_bg_image_on_mobile=&#8221;&#8221; css=&#8221;.vc_custom_1700685677143{margin-bottom: 35px&hellip;<\/p>\n","protected":false},"author":13,"featured_media":0,"parent":2283,"menu_order":4,"comment_status":"closed","ping_status":"closed","template":"","meta":{"footnotes":""},"class_list":["post-3368","page","type-page","status-publish","hentry"],"_links":{"self":[{"href":"https:\/\/ucb.edu.bo\/biblioteca\/wp-json\/wp\/v2\/pages\/3368","targetHints":{"allow":["GET"]}}],"collection":[{"href":"https:\/\/ucb.edu.bo\/biblioteca\/wp-json\/wp\/v2\/pages"}],"about":[{"href":"https:\/\/ucb.edu.bo\/biblioteca\/wp-json\/wp\/v2\/types\/page"}],"author":[{"embeddable":true,"href":"https:\/\/ucb.edu.bo\/biblioteca\/wp-json\/wp\/v2\/users\/13"}],"replies":[{"embeddable":true,"href":"https:\/\/ucb.edu.bo\/biblioteca\/wp-json\/wp\/v2\/comments?post=3368"}],"version-history":[{"count":41,"href":"https:\/\/ucb.edu.bo\/biblioteca\/wp-json\/wp\/v2\/pages\/3368\/revisions"}],"predecessor-version":[{"id":3536,"href":"https:\/\/ucb.edu.bo\/biblioteca\/wp-json\/wp\/v2\/pages\/3368\/revisions\/3536"}],"up":[{"embeddable":true,"href":"https:\/\/ucb.edu.bo\/biblioteca\/wp-json\/wp\/v2\/pages\/2283"}],"wp:attachment":[{"href":"https:\/\/ucb.edu.bo\/biblioteca\/wp-json\/wp\/v2\/media?parent=3368"}],"curies":[{"name":"wp","href":"https:\/\/api.w.org\/{rel}","templated":true}]}}