{"id":2754,"date":"2023-12-14T00:46:37","date_gmt":"2023-12-14T00:46:37","guid":{"rendered":"https:\/\/ucb.edu.bo\/biblioteca\/?page_id=2754"},"modified":"2025-05-26T15:33:03","modified_gmt":"2025-05-26T19:33:03","slug":"video-tutoriales-y-guias","status":"publish","type":"page","link":"https:\/\/ucb.edu.bo\/biblioteca\/sistema-nacional-de-bibliotecas\/video-tutoriales-y-guias\/","title":{"rendered":"Video tutoriales y gu\u00edas"},"content":{"rendered":"<section class=\"wpb-content-wrapper\"><p>[vc_row disable_element=&#8221;yes&#8221;][vc_column hide_bg_image_on_tablet=&#8221;&#8221; hide_bg_image_on_mobile=&#8221;&#8221; icons_position=&#8221;left&#8221; offset=&#8221;vc_col-lg-6&#8243;][\/vc_column][\/vc_row][vc_row full_width=&#8221;stretch_row_content&#8221;][vc_column icons_position=&#8221;left&#8221;]<div id=\"sc_title_529166004\"\n\t\tclass=\"sc_title sc_title_accent\"><h2 class=\"sc_item_title sc_title_title sc_align_center sc_item_title_style_accent sc_item_title_tag\"><span class=\"sc_item_title_text\">Video tutoriales<\/span><\/h2><\/div><!-- \/.sc_title -->[vc_empty_space height=&#8221;40px&#8221; hide_on_wide=&#8221;&#8221; hide_on_desktop=&#8221;&#8221; hide_on_notebook=&#8221;&#8221; hide_on_tablet=&#8221;&#8221; hide_on_mobile=&#8221;&#8221;][\/vc_column][\/vc_row][vc_row full_width=&#8221;stretch_row_content&#8221; equal_height=&#8221;yes&#8221; content_placement=&#8221;middle&#8221; shape_divider_top_front=&#8221;&#8221; shape_divider_bottom_front=&#8221;&#8221; row_delimiter=&#8221;&#8221; row_hide_unfixed=&#8221;&#8221; hide_on_wide=&#8221;&#8221; hide_on_desktop=&#8221;&#8221; hide_on_notebook=&#8221;&#8221; hide_on_tablet=&#8221;&#8221; hide_on_mobile=&#8221;&#8221; hide_on_frontpage=&#8221;&#8221; hide_on_singular=&#8221;&#8221; hide_on_other=&#8221;&#8221;][vc_column width=&#8221;1\/2&#8243; hide_bg_image_on_tablet=&#8221;&#8221; hide_bg_image_on_mobile=&#8221;&#8221; icons_position=&#8221;left&#8221; css=&#8221;.vc_custom_1554978888857{background-color: #f2f0ee !important;}&#8221;][vc_empty_space hide_on_wide=&#8221;&#8221; hide_on_desktop=&#8221;&#8221; hide_on_notebook=&#8221;&#8221; hide_on_tablet=&#8221;&#8221; hide_on_mobile=&#8221;&#8221;]<div id=\"sc_content_894529997\"\n\t\tclass=\"sc_content sc_content_default sc_float_center sc_padding_large\"><div class=\"sc_content_container\"><div id=\"sc_title_720927489\"\n\t\tclass=\"sc_title sc_title_accent\"><h4 class=\"sc_item_title sc_title_title sc_align_left sc_item_title_style_accent sc_item_title_tag\"><span class=\"sc_item_title_text\">Registro para el acceso remoto a Tesis y Libros digitalizados (para todas las sedes de la UCB)<\/span><\/h4><\/div><!-- \/.sc_title -->[vc_empty_space height=&#8221;18px&#8221; alter_height=&#8221;none&#8221; hide_on_wide=&#8221;&#8221; hide_on_desktop=&#8221;&#8221; hide_on_notebook=&#8221;&#8221; hide_on_tablet=&#8221;&#8221; hide_on_mobile=&#8221;&#8221;][vc_empty_space alter_height=&#8221;none&#8221; hide_on_wide=&#8221;&#8221; hide_on_desktop=&#8221;&#8221; hide_on_notebook=&#8221;&#8221; hide_on_tablet=&#8221;&#8221; hide_on_mobile=&#8221;&#8221;]<\/div><\/div><!-- \/.sc_content -->[\/vc_column][vc_column width=&#8221;1\/2&#8243; hide_bg_image_on_tablet=&#8221;&#8221; hide_bg_image_on_mobile=&#8221;&#8221; icons_position=&#8221;left&#8221; css=&#8221;.vc_custom_1702515568706{background-image: url(https:\/\/ucb.edu.bo\/biblioteca\/wp-content\/uploads\/2023\/12\/Group-1-min.jpg?id=2622) !important;background-position: center !important;background-repeat: no-repeat !important;background-size: cover !important;}&#8221;][vc_video link=&#8221;https:\/\/youtu.be\/EFXNEHvunRw&#8221; css=&#8221;.vc_custom_1702515481295{padding-top: 15px !important;padding-bottom: 15px !important;}&#8221;][\/vc_column][\/vc_row][vc_row full_width=&#8221;stretch_row_content&#8221; equal_height=&#8221;yes&#8221; content_placement=&#8221;middle&#8221; hide_bg_image_on_tablet=&#8221;&#8221; hide_bg_image_on_mobile=&#8221;&#8221; shape_divider_top_front=&#8221;&#8221; shape_divider_bottom_front=&#8221;&#8221; row_delimiter=&#8221;&#8221; row_hide_unfixed=&#8221;&#8221; hide_on_wide=&#8221;&#8221; hide_on_desktop=&#8221;&#8221; hide_on_notebook=&#8221;&#8221; hide_on_tablet=&#8221;&#8221; hide_on_mobile=&#8221;&#8221; hide_on_frontpage=&#8221;&#8221; hide_on_singular=&#8221;&#8221; hide_on_other=&#8221;&#8221;][vc_column width=&#8221;1\/2&#8243; hide_bg_image_on_tablet=&#8221;&#8221; hide_bg_image_on_mobile=&#8221;&#8221; icons_position=&#8221;left&#8221; css=&#8221;.vc_custom_1702515043712{background-image: url(https:\/\/ucb.edu.bo\/biblioteca\/wp-content\/uploads\/2023\/12\/Group-1-min.jpg?id=2622) !important;background-position: center !important;background-repeat: no-repeat !important;background-size: cover !important;}&#8221;][vc_video link=&#8221;https:\/\/www.youtube.com\/watch?v=56dSta9f9a4&#8243; css=&#8221;.vc_custom_1748287497998{padding-top: 15px !important;padding-bottom: 15px !important;}&#8221;][\/vc_column][vc_column width=&#8221;1\/2&#8243; hide_bg_image_on_tablet=&#8221;&#8221; hide_bg_image_on_mobile=&#8221;&#8221; icons_position=&#8221;left&#8221; css=&#8221;.vc_custom_1554978888857{background-color: #f2f0ee !important;}&#8221;][vc_empty_space hide_on_wide=&#8221;&#8221; hide_on_desktop=&#8221;&#8221; hide_on_notebook=&#8221;&#8221; hide_on_tablet=&#8221;&#8221; hide_on_mobile=&#8221;&#8221;]<div id=\"sc_content_373746935\"\n\t\tclass=\"sc_content sc_content_default sc_float_center sc_padding_large\"><div class=\"sc_content_container\"><div id=\"sc_title_1743895942\"\n\t\tclass=\"sc_title sc_title_accent\"><h4 class=\"sc_item_title sc_title_title sc_align_left sc_item_title_style_accent sc_item_title_tag\"><span class=\"sc_item_title_text\">Tutorial: Uso de cat\u00e1logo en l\u00ednea UCB (OPAC-KOHA)<\/span><\/h4><\/div><!-- \/.sc_title -->[vc_empty_space height=&#8221;18px&#8221; alter_height=&#8221;none&#8221; hide_on_wide=&#8221;&#8221; hide_on_desktop=&#8221;&#8221; hide_on_notebook=&#8221;&#8221; hide_on_tablet=&#8221;&#8221; hide_on_mobile=&#8221;&#8221;][vc_empty_space alter_height=&#8221;none&#8221; hide_on_wide=&#8221;&#8221; hide_on_desktop=&#8221;&#8221; hide_on_notebook=&#8221;&#8221; hide_on_tablet=&#8221;&#8221; hide_on_mobile=&#8221;&#8221;]<\/div><\/div><!-- \/.sc_content -->[\/vc_column][\/vc_row][vc_row full_width=&#8221;stretch_row_content&#8221; equal_height=&#8221;yes&#8221; content_placement=&#8221;middle&#8221; hide_bg_image_on_tablet=&#8221;&#8221; hide_bg_image_on_mobile=&#8221;&#8221; shape_divider_top_front=&#8221;&#8221; shape_divider_bottom_front=&#8221;&#8221; row_delimiter=&#8221;&#8221; row_hide_unfixed=&#8221;&#8221; hide_on_wide=&#8221;&#8221; hide_on_desktop=&#8221;&#8221; hide_on_notebook=&#8221;&#8221; hide_on_tablet=&#8221;&#8221; hide_on_mobile=&#8221;&#8221; hide_on_frontpage=&#8221;&#8221; hide_on_singular=&#8221;&#8221; hide_on_other=&#8221;&#8221;][vc_column width=&#8221;1\/2&#8243; hide_bg_image_on_tablet=&#8221;&#8221; hide_bg_image_on_mobile=&#8221;&#8221; icons_position=&#8221;left&#8221; css=&#8221;.vc_custom_1554978888857{background-color: #f2f0ee !important;}&#8221;][vc_empty_space hide_on_wide=&#8221;&#8221; hide_on_desktop=&#8221;&#8221; hide_on_notebook=&#8221;&#8221; hide_on_tablet=&#8221;&#8221; hide_on_mobile=&#8221;&#8221;]<div id=\"sc_content_1681524704\"\n\t\tclass=\"sc_content sc_content_default sc_float_center sc_padding_large\"><div class=\"sc_content_container\"><div id=\"sc_title_500169283\"\n\t\tclass=\"sc_title sc_title_accent\"><h4 class=\"sc_item_title sc_title_title sc_align_left sc_item_title_style_accent sc_item_title_tag\"><span class=\"sc_item_title_text\">Tutorial: Tipos de b\u00fasqueda en el cat\u00e1logo en l\u00ednea UCB (OPAC-KOHA)<\/span><\/h4><\/div><!-- \/.sc_title -->[vc_empty_space height=&#8221;18px&#8221; alter_height=&#8221;none&#8221; hide_on_wide=&#8221;&#8221; hide_on_desktop=&#8221;&#8221; hide_on_notebook=&#8221;&#8221; hide_on_tablet=&#8221;&#8221; hide_on_mobile=&#8221;&#8221;][vc_empty_space alter_height=&#8221;none&#8221; hide_on_wide=&#8221;&#8221; hide_on_desktop=&#8221;&#8221; hide_on_notebook=&#8221;&#8221; hide_on_tablet=&#8221;&#8221; hide_on_mobile=&#8221;&#8221;]<\/div><\/div><!-- \/.sc_content -->[\/vc_column][vc_column width=&#8221;1\/2&#8243; hide_bg_image_on_tablet=&#8221;&#8221; hide_bg_image_on_mobile=&#8221;&#8221; icons_position=&#8221;left&#8221; css=&#8221;.vc_custom_1702515043712{background-image: url(https:\/\/ucb.edu.bo\/biblioteca\/wp-content\/uploads\/2023\/12\/Group-1-min.jpg?id=2622) !important;background-position: center !important;background-repeat: no-repeat !important;background-size: cover !important;}&#8221;][vc_video link=&#8221;https:\/\/www.youtube.com\/watch?v=w8fCA5ndIMw&#8221; css=&#8221;.vc_custom_1748287754022{padding-top: 15px !important;padding-bottom: 15px !important;}&#8221;][\/vc_column][\/vc_row][vc_row full_width=&#8221;stretch_row_content&#8221; equal_height=&#8221;yes&#8221; content_placement=&#8221;middle&#8221; shape_divider_top_front=&#8221;&#8221; shape_divider_bottom_front=&#8221;&#8221; row_delimiter=&#8221;&#8221; row_hide_unfixed=&#8221;&#8221; hide_on_wide=&#8221;&#8221; hide_on_desktop=&#8221;&#8221; hide_on_notebook=&#8221;&#8221; hide_on_tablet=&#8221;&#8221; hide_on_mobile=&#8221;&#8221; hide_on_frontpage=&#8221;&#8221; hide_on_singular=&#8221;&#8221; hide_on_other=&#8221;&#8221;][vc_column width=&#8221;1\/2&#8243; hide_bg_image_on_tablet=&#8221;&#8221; hide_bg_image_on_mobile=&#8221;&#8221; icons_position=&#8221;left&#8221; css=&#8221;.vc_custom_1702515279443{background-image: url(https:\/\/ucb.edu.bo\/biblioteca\/wp-content\/uploads\/2023\/12\/Group-1-min.jpg?id=2622) !important;background-position: center !important;background-repeat: no-repeat !important;background-size: cover !important;}&#8221;][vc_video link=&#8221;https:\/\/youtu.be\/QpNdHl266FM?si=tOf7xfhWbc2wlTtq&#8221; css=&#8221;.vc_custom_1702515323094{padding-top: 15px !important;padding-bottom: 15px !important;}&#8221;][\/vc_column][vc_column width=&#8221;1\/2&#8243; hide_bg_image_on_tablet=&#8221;&#8221; hide_bg_image_on_mobile=&#8221;&#8221; icons_position=&#8221;left&#8221; css=&#8221;.vc_custom_1554978888857{background-color: #f2f0ee !important;}&#8221;][vc_empty_space hide_on_wide=&#8221;&#8221; hide_on_desktop=&#8221;&#8221; hide_on_notebook=&#8221;&#8221; hide_on_tablet=&#8221;&#8221; hide_on_mobile=&#8221;&#8221;]<div id=\"sc_content_721319743\"\n\t\tclass=\"sc_content sc_content_default sc_float_center sc_padding_large\"><div class=\"sc_content_container\"><div id=\"sc_title_1406869661\"\n\t\tclass=\"sc_title sc_title_accent\"><h4 class=\"sc_item_title sc_title_title sc_align_left sc_item_title_style_accent sc_item_title_tag\"><span class=\"sc_item_title_text\">Formato APA 7ma. Edici\u00f3n:<\/span><\/h4><\/div><!-- \/.sc_title -->[vc_empty_space height=&#8221;18px&#8221; alter_height=&#8221;none&#8221; hide_on_wide=&#8221;&#8221; hide_on_desktop=&#8221;&#8221; hide_on_notebook=&#8221;&#8221; hide_on_tablet=&#8221;&#8221; hide_on_mobile=&#8221;&#8221;][vc_empty_space alter_height=&#8221;none&#8221; hide_on_wide=&#8221;&#8221; hide_on_desktop=&#8221;&#8221; hide_on_notebook=&#8221;&#8221; hide_on_tablet=&#8221;&#8221; hide_on_mobile=&#8221;&#8221;]<\/div><\/div><!-- \/.sc_content -->[\/vc_column][\/vc_row][vc_row full_width=&#8221;stretch_row_content&#8221; equal_height=&#8221;yes&#8221; content_placement=&#8221;middle&#8221; shape_divider_top_front=&#8221;&#8221; shape_divider_bottom_front=&#8221;&#8221; row_delimiter=&#8221;&#8221; row_hide_unfixed=&#8221;&#8221; hide_on_wide=&#8221;&#8221; hide_on_desktop=&#8221;&#8221; hide_on_notebook=&#8221;&#8221; hide_on_tablet=&#8221;&#8221; hide_on_mobile=&#8221;&#8221; hide_on_frontpage=&#8221;&#8221; hide_on_singular=&#8221;&#8221; hide_on_other=&#8221;&#8221;][vc_column width=&#8221;1\/2&#8243; hide_bg_image_on_tablet=&#8221;&#8221; hide_bg_image_on_mobile=&#8221;&#8221; icons_position=&#8221;left&#8221; css=&#8221;.vc_custom_1554978888857{background-color: #f2f0ee !important;}&#8221;][vc_empty_space hide_on_wide=&#8221;&#8221; hide_on_desktop=&#8221;&#8221; hide_on_notebook=&#8221;&#8221; hide_on_tablet=&#8221;&#8221; hide_on_mobile=&#8221;&#8221;]<div id=\"sc_content_1761711110\"\n\t\tclass=\"sc_content sc_content_default sc_float_center sc_padding_large\"><div class=\"sc_content_container\"><div id=\"sc_title_505547514\"\n\t\tclass=\"sc_title sc_title_accent\"><h4 class=\"sc_item_title sc_title_title sc_align_left sc_item_title_style_accent sc_item_title_tag\"><span class=\"sc_item_title_text\">Acceso y revisi\u00f3n en Turnitin (dirigida a tutores)<\/span><\/h4><\/div><!-- \/.sc_title -->[vc_empty_space height=&#8221;18px&#8221; alter_height=&#8221;none&#8221; hide_on_wide=&#8221;&#8221; hide_on_desktop=&#8221;&#8221; hide_on_notebook=&#8221;&#8221; hide_on_tablet=&#8221;&#8221; hide_on_mobile=&#8221;&#8221;][vc_empty_space alter_height=&#8221;none&#8221; hide_on_wide=&#8221;&#8221; hide_on_desktop=&#8221;&#8221; hide_on_notebook=&#8221;&#8221; hide_on_tablet=&#8221;&#8221; hide_on_mobile=&#8221;&#8221;]<\/div><\/div><!-- \/.sc_content -->[\/vc_column][vc_column width=&#8221;1\/2&#8243; hide_bg_image_on_tablet=&#8221;&#8221; hide_bg_image_on_mobile=&#8221;&#8221; icons_position=&#8221;left&#8221; css=&#8221;.vc_custom_1702515553530{background-image: url(https:\/\/ucb.edu.bo\/biblioteca\/wp-content\/uploads\/2023\/12\/Group-1-min.jpg?id=2622) !important;background-position: center !important;background-repeat: no-repeat !important;background-size: cover !important;}&#8221;][vc_video link=&#8221;https:\/\/youtu.be\/qJfAVX5GJz8&#8243; css=&#8221;.vc_custom_1742398286974{padding-top: 15px !important;padding-bottom: 15px !important;}&#8221;][\/vc_column][\/vc_row][vc_row full_width=&#8221;stretch_row_content&#8221; equal_height=&#8221;yes&#8221; content_placement=&#8221;middle&#8221; hide_bg_image_on_tablet=&#8221;&#8221; hide_bg_image_on_mobile=&#8221;&#8221; shape_divider_top_front=&#8221;&#8221; shape_divider_bottom_front=&#8221;&#8221; row_delimiter=&#8221;&#8221; row_hide_unfixed=&#8221;&#8221; hide_on_wide=&#8221;&#8221; hide_on_desktop=&#8221;&#8221; hide_on_notebook=&#8221;&#8221; hide_on_tablet=&#8221;&#8221; hide_on_mobile=&#8221;&#8221; hide_on_frontpage=&#8221;&#8221; hide_on_singular=&#8221;&#8221; hide_on_other=&#8221;&#8221;][vc_column width=&#8221;1\/2&#8243; hide_bg_image_on_tablet=&#8221;&#8221; hide_bg_image_on_mobile=&#8221;&#8221; icons_position=&#8221;left&#8221; css=&#8221;.vc_custom_1702515043712{background-image: url(https:\/\/ucb.edu.bo\/biblioteca\/wp-content\/uploads\/2023\/12\/Group-1-min.jpg?id=2622) !important;background-position: center !important;background-repeat: no-repeat !important;background-size: cover !important;}&#8221;][vc_video link=&#8221;https:\/\/youtu.be\/f8TxdrqVzuQ?si=GdBGDWEmHmw2Gw79&#8243; css=&#8221;.vc_custom_1702515111817{padding-top: 15px !important;padding-bottom: 15px !important;}&#8221;][\/vc_column][vc_column width=&#8221;1\/2&#8243; hide_bg_image_on_tablet=&#8221;&#8221; hide_bg_image_on_mobile=&#8221;&#8221; icons_position=&#8221;left&#8221; css=&#8221;.vc_custom_1554978888857{background-color: #f2f0ee !important;}&#8221;][vc_empty_space hide_on_wide=&#8221;&#8221; hide_on_desktop=&#8221;&#8221; hide_on_notebook=&#8221;&#8221; hide_on_tablet=&#8221;&#8221; hide_on_mobile=&#8221;&#8221;]<div id=\"sc_content_1974359813\"\n\t\tclass=\"sc_content sc_content_default sc_float_center sc_padding_large\"><div class=\"sc_content_container\"><div id=\"sc_title_103685708\"\n\t\tclass=\"sc_title sc_title_accent\"><h4 class=\"sc_item_title sc_title_title sc_align_left sc_item_title_style_accent sc_item_title_tag\"><span class=\"sc_item_title_text\">Servicios de la Biblioteca Central - Sede La Paz<\/span><\/h4><\/div><!-- \/.sc_title -->[vc_empty_space height=&#8221;18px&#8221; alter_height=&#8221;none&#8221; hide_on_wide=&#8221;&#8221; hide_on_desktop=&#8221;&#8221; hide_on_notebook=&#8221;&#8221; hide_on_tablet=&#8221;&#8221; hide_on_mobile=&#8221;&#8221;][vc_empty_space alter_height=&#8221;none&#8221; hide_on_wide=&#8221;&#8221; hide_on_desktop=&#8221;&#8221; hide_on_notebook=&#8221;&#8221; hide_on_tablet=&#8221;&#8221; hide_on_mobile=&#8221;&#8221;]<\/div><\/div><!-- \/.sc_content -->[\/vc_column][\/vc_row][vc_row][vc_column icons_position=&#8221;left&#8221;][vc_empty_space hide_on_wide=&#8221;&#8221; hide_on_desktop=&#8221;&#8221; hide_on_notebook=&#8221;&#8221; hide_on_tablet=&#8221;&#8221; hide_on_mobile=&#8221;&#8221;][\/vc_column][\/vc_row][vc_row][vc_column icons_position=&#8221;left&#8221;][vc_empty_space hide_on_wide=&#8221;&#8221; hide_on_desktop=&#8221;&#8221; hide_on_notebook=&#8221;&#8221; hide_on_tablet=&#8221;&#8221; hide_on_mobile=&#8221;&#8221;][\/vc_column][\/vc_row][vc_row][vc_column icons_position=&#8221;left&#8221;][vc_empty_space hide_on_wide=&#8221;&#8221; hide_on_desktop=&#8221;&#8221; hide_on_notebook=&#8221;&#8221; hide_on_tablet=&#8221;&#8221; hide_on_mobile=&#8221;&#8221;][\/vc_column][\/vc_row][vc_row][vc_column icons_position=&#8221;left&#8221;][vc_empty_space hide_on_wide=&#8221;&#8221; hide_on_desktop=&#8221;&#8221; hide_on_notebook=&#8221;&#8221; hide_on_tablet=&#8221;&#8221; hide_on_mobile=&#8221;&#8221;][\/vc_column][\/vc_row]<\/p>\n<\/section>","protected":false},"excerpt":{"rendered":"<p>[vc_row disable_element=&#8221;yes&#8221;][vc_column hide_bg_image_on_tablet=&#8221;&#8221; hide_bg_image_on_mobile=&#8221;&#8221; icons_position=&#8221;left&#8221; offset=&#8221;vc_col-lg-6&#8243;][\/vc_column][\/vc_row][vc_row full_width=&#8221;stretch_row_content&#8221;][vc_column icons_position=&#8221;left&#8221;][vc_empty_space height=&#8221;40px&#8221; hide_on_wide=&#8221;&#8221; hide_on_desktop=&#8221;&#8221; hide_on_notebook=&#8221;&#8221;&hellip;<\/p>\n","protected":false},"author":1,"featured_media":0,"parent":264,"menu_order":0,"comment_status":"closed","ping_status":"closed","template":"","meta":{"footnotes":""},"class_list":["post-2754","page","type-page","status-publish","hentry"],"_links":{"self":[{"href":"https:\/\/ucb.edu.bo\/biblioteca\/wp-json\/wp\/v2\/pages\/2754","targetHints":{"allow":["GET"]}}],"collection":[{"href":"https:\/\/ucb.edu.bo\/biblioteca\/wp-json\/wp\/v2\/pages"}],"about":[{"href":"https:\/\/ucb.edu.bo\/biblioteca\/wp-json\/wp\/v2\/types\/page"}],"author":[{"embeddable":true,"href":"https:\/\/ucb.edu.bo\/biblioteca\/wp-json\/wp\/v2\/users\/1"}],"replies":[{"embeddable":true,"href":"https:\/\/ucb.edu.bo\/biblioteca\/wp-json\/wp\/v2\/comments?post=2754"}],"version-history":[{"count":14,"href":"https:\/\/ucb.edu.bo\/biblioteca\/wp-json\/wp\/v2\/pages\/2754\/revisions"}],"predecessor-version":[{"id":3541,"href":"https:\/\/ucb.edu.bo\/biblioteca\/wp-json\/wp\/v2\/pages\/2754\/revisions\/3541"}],"up":[{"embeddable":true,"href":"https:\/\/ucb.edu.bo\/biblioteca\/wp-json\/wp\/v2\/pages\/264"}],"wp:attachment":[{"href":"https:\/\/ucb.edu.bo\/biblioteca\/wp-json\/wp\/v2\/media?parent=2754"}],"curies":[{"name":"wp","href":"https:\/\/api.w.org\/{rel}","templated":true}]}}