{"id":264,"date":"2018-01-23T13:42:30","date_gmt":"2018-01-23T13:42:30","guid":{"rendered":"https:\/\/ucb.edu.bo\/biblioteca\/?page_id=264"},"modified":"2023-12-14T00:21:18","modified_gmt":"2023-12-14T00:21:18","slug":"sistema-nacional-de-bibliotecas","status":"publish","type":"page","link":"https:\/\/ucb.edu.bo\/biblioteca\/sistema-nacional-de-bibliotecas\/","title":{"rendered":"Sistema Nacional de Bibliotecas"},"content":{"rendered":"<section class=\"wpb-content-wrapper\"><p>[vc_row full_width=&#8221;stretch_row_content&#8221; content_placement=&#8221;middle&#8221; hide_bg_image_on_tablet=&#8221;&#8221; hide_bg_image_on_mobile=&#8221;&#8221; shape_divider_top_front=&#8221;&#8221; shape_divider_bottom_front=&#8221;&#8221; row_delimiter=&#8221;&#8221; row_hide_unfixed=&#8221;&#8221; hide_on_wide=&#8221;&#8221; hide_on_desktop=&#8221;&#8221; hide_on_notebook=&#8221;&#8221; hide_on_tablet=&#8221;&#8221; hide_on_mobile=&#8221;1&#8243; hide_on_frontpage=&#8221;&#8221; hide_on_singular=&#8221;&#8221; hide_on_other=&#8221;&#8221; css=&#8221;.vc_custom_1702398566897{background-image: url(https:\/\/ucb.edu.bo\/biblioteca\/wp-content\/uploads\/2018\/01\/BIBL_-11-2.webp?id=2407) !important;background-position: center !important;background-repeat: no-repeat !important;background-size: cover !important;}&#8221; el_class=&#8221;banner-grl-ucb&#8221;][vc_column width=&#8221;1\/2&#8243; icons_position=&#8221;left&#8221; css=&#8221;.vc_custom_1702396523139{background-color: rgba(6,77,144,0.8) !important;*background-color: rgb(6,77,144) !important;}&#8221;][vc_empty_space alter_height=&#8221;large&#8221; hide_on_wide=&#8221;&#8221; hide_on_desktop=&#8221;&#8221; hide_on_notebook=&#8221;&#8221; hide_on_tablet=&#8221;&#8221; hide_on_mobile=&#8221;1&#8243;][vc_empty_space alter_height=&#8221;large&#8221; hide_on_wide=&#8221;&#8221; hide_on_desktop=&#8221;&#8221; hide_on_notebook=&#8221;&#8221; hide_on_tablet=&#8221;&#8221; hide_on_mobile=&#8221;1&#8243;]<div id=\"sc_content_1221321874\"\n\t\tclass=\"sc_content sc_content_default sc_content_width_1_1 sc_float_center ucb-titulo-banner1\"><h2 class=\"sc_item_title sc_content_title sc_align_left sc_item_title_style_default trx_addons_inline_417771993\"><span class=\"sc_item_title_text\">Sistema Nacional de<\/span><\/h2><div class=\"sc_content_container\"><\/div><\/div><!-- \/.sc_content --><div id=\"sc_content_1607805986\"\n\t\tclass=\"sc_content sc_content_default sc_content_width_1_1 sc_float_center ucb-titulo-banner2\"><h2 class=\"sc_item_title sc_content_title sc_align_left sc_item_title_style_default trx_addons_inline_403505583\"><span class=\"sc_item_title_text\">Bibliotecas<\/span><\/h2><div class=\"sc_content_container\"><\/div><\/div><!-- \/.sc_content -->[vc_empty_space alter_height=&#8221;large&#8221; hide_on_wide=&#8221;&#8221; hide_on_desktop=&#8221;&#8221; hide_on_notebook=&#8221;&#8221; hide_on_tablet=&#8221;&#8221; hide_on_mobile=&#8221;1&#8243;][vc_empty_space alter_height=&#8221;large&#8221; hide_on_wide=&#8221;&#8221; hide_on_desktop=&#8221;&#8221; hide_on_notebook=&#8221;&#8221; hide_on_tablet=&#8221;&#8221; hide_on_mobile=&#8221;1&#8243;][\/vc_column][vc_column width=&#8221;1\/2&#8243; icons_position=&#8221;left&#8221; offset=&#8221;vc_hidden-sm vc_hidden-xs&#8221;][\/vc_column][\/vc_row][vc_row full_width=&#8221;stretch_row_content&#8221; content_placement=&#8221;middle&#8221; shape_divider_top_front=&#8221;&#8221; shape_divider_bottom_front=&#8221;&#8221; row_delimiter=&#8221;&#8221; row_hide_unfixed=&#8221;&#8221; hide_on_wide=&#8221;&#8221; hide_on_desktop=&#8221;1&#8243; hide_on_notebook=&#8221;1&#8243; hide_on_tablet=&#8221;1&#8243; hide_on_mobile=&#8221;&#8221; hide_on_frontpage=&#8221;&#8221; hide_on_singular=&#8221;&#8221; hide_on_other=&#8221;&#8221; css=&#8221;.vc_custom_1702398581468{background-image: url(https:\/\/ucb.edu.bo\/biblioteca\/wp-content\/uploads\/2023\/12\/BIBL_-11-3-min.jpg?id=2687) !important;background-position: center !important;background-repeat: no-repeat !important;background-size: cover !important;}&#8221; el_class=&#8221;banner-grl-ucb&#8221;][vc_column icons_position=&#8221;left&#8221; css=&#8221;.vc_custom_1702398437822{background-size: cover !important;}&#8221;][vc_empty_space alter_height=&#8221;large&#8221; hide_on_wide=&#8221;&#8221; hide_on_desktop=&#8221;&#8221; hide_on_notebook=&#8221;&#8221; hide_on_tablet=&#8221;&#8221; hide_on_mobile=&#8221;1&#8243;][vc_empty_space alter_height=&#8221;large&#8221; hide_on_wide=&#8221;&#8221; hide_on_desktop=&#8221;&#8221; hide_on_notebook=&#8221;&#8221; hide_on_tablet=&#8221;&#8221; hide_on_mobile=&#8221;1&#8243;]<div id=\"sc_content_628413755\"\n\t\tclass=\"sc_content sc_content_default sc_content_width_1_1 sc_float_center ucb-titulo-banner1\"><h2 class=\"sc_item_title sc_content_title sc_align_left sc_item_title_style_default trx_addons_inline_1388896656\"><span class=\"sc_item_title_text\">Sistema Nacional de<\/span><\/h2><div class=\"sc_content_container\"><\/div><\/div><!-- \/.sc_content --><div id=\"sc_content_1885460887\"\n\t\tclass=\"sc_content sc_content_default sc_content_width_1_1 sc_float_center ucb-titulo-banner2\"><h2 class=\"sc_item_title sc_content_title sc_align_left sc_item_title_style_default trx_addons_inline_241463609\"><span class=\"sc_item_title_text\">Bibliotecas<\/span><\/h2><div class=\"sc_content_container\"><\/div><\/div><!-- \/.sc_content -->[vc_empty_space alter_height=&#8221;large&#8221; hide_on_wide=&#8221;&#8221; hide_on_desktop=&#8221;&#8221; hide_on_notebook=&#8221;&#8221; hide_on_tablet=&#8221;&#8221; hide_on_mobile=&#8221;1&#8243;][vc_empty_space alter_height=&#8221;large&#8221; hide_on_wide=&#8221;&#8221; hide_on_desktop=&#8221;&#8221; hide_on_notebook=&#8221;&#8221; hide_on_tablet=&#8221;&#8221; hide_on_mobile=&#8221;1&#8243;][\/vc_column][\/vc_row][vc_row][vc_column icons_position=&#8221;left&#8221;][vc_empty_space height=&#8221;100px&#8221; alter_height=&#8221;none&#8221; hide_on_wide=&#8221;&#8221; hide_on_desktop=&#8221;&#8221; hide_on_notebook=&#8221;&#8221; hide_on_tablet=&#8221;1&#8243; hide_on_mobile=&#8221;1&#8243;][vc_empty_space height=&#8221;80px&#8221; alter_height=&#8221;none&#8221; hide_on_wide=&#8221;1&#8243; hide_on_desktop=&#8221;1&#8243; hide_on_notebook=&#8221;1&#8243; hide_on_tablet=&#8221;&#8221; hide_on_mobile=&#8221;1&#8243;][vc_empty_space height=&#8221;60px&#8221; alter_height=&#8221;none&#8221; hide_on_wide=&#8221;1&#8243; hide_on_desktop=&#8221;1&#8243; hide_on_notebook=&#8221;1&#8243; hide_on_tablet=&#8221;1&#8243; hide_on_mobile=&#8221;&#8221;][\/vc_column][\/vc_row][vc_row][vc_column hide_bg_image_on_tablet=&#8221;&#8221; hide_bg_image_on_mobile=&#8221;&#8221; icons_position=&#8221;left&#8221; offset=&#8221;vc_col-lg-6&#8243;][vc_empty_space alter_height=&#8221;small&#8221; hide_on_wide=&#8221;1&#8243; hide_on_desktop=&#8221;&#8221; hide_on_notebook=&#8221;&#8221; hide_on_tablet=&#8221;&#8221; hide_on_mobile=&#8221;1&#8243;][vc_row_inner][vc_column_inner width=&#8221;1\/12&#8243; icons_position=&#8221;left&#8221; offset=&#8221;vc_hidden-lg vc_col-md-2 vc_hidden-xs&#8221;][\/vc_column_inner][vc_column_inner width=&#8221;5\/12&#8243; hide_bg_image_on_tablet=&#8221;&#8221; hide_bg_image_on_mobile=&#8221;&#8221; icons_position=&#8221;left&#8221; offset=&#8221;vc_col-lg-6 vc_col-md-4 vc_col-xs-6&#8243;][vc_single_image image=&#8221;2405&#8243; img_size=&#8221;full&#8221;][vc_empty_space alter_height=&#8221;medium&#8221; hide_on_wide=&#8221;&#8221; hide_on_desktop=&#8221;&#8221; hide_on_notebook=&#8221;&#8221; hide_on_tablet=&#8221;&#8221; hide_on_mobile=&#8221;&#8221;][\/vc_column_inner][vc_column_inner width=&#8221;5\/12&#8243; hide_bg_image_on_tablet=&#8221;&#8221; hide_bg_image_on_mobile=&#8221;&#8221; icons_position=&#8221;left&#8221; offset=&#8221;vc_col-lg-6 vc_col-md-4 vc_col-xs-6&#8243;][vc_empty_space alter_height=&#8221;medium&#8221; hide_on_wide=&#8221;&#8221; hide_on_desktop=&#8221;&#8221; hide_on_notebook=&#8221;&#8221; hide_on_tablet=&#8221;&#8221; hide_on_mobile=&#8221;&#8221;][vc_single_image image=&#8221;2431&#8243; img_size=&#8221;full&#8221; alignment=&#8221;right&#8221;][\/vc_column_inner][vc_column_inner width=&#8221;1\/12&#8243; hide_bg_image_on_tablet=&#8221;&#8221; hide_bg_image_on_mobile=&#8221;&#8221; icons_position=&#8221;left&#8221; offset=&#8221;vc_hidden-lg vc_col-md-2 vc_hidden-xs&#8221;][\/vc_column_inner][\/vc_row_inner][\/vc_column][vc_column hide_bg_image_on_tablet=&#8221;&#8221; hide_bg_image_on_mobile=&#8221;&#8221; icons_position=&#8221;left&#8221; offset=&#8221;vc_col-lg-6&#8243;]<div id=\"sc_content_492004372\"\n\t\tclass=\"sc_content sc_content_default sc_float_center sc_padding_tiny content-side-padding-remove  vc_custom_1557159360446\"><div class=\"sc_content_container\">[vc_empty_space alter_height=&#8221;medium&#8221; hide_on_wide=&#8221;&#8221; hide_on_desktop=&#8221;&#8221; hide_on_notebook=&#8221;&#8221; hide_on_tablet=&#8221;&#8221; hide_on_mobile=&#8221;&#8221;]<div id=\"sc_title_802769750\"\n\t\tclass=\"sc_title sc_title_accent\"><h4 class=\"sc_item_title sc_title_title sc_align_left sc_item_title_style_accent sc_item_title_tag\"><span class=\"sc_item_title_text\">Sobre el Sistema Nacional de Bibliotecas<\/span><\/h4><\/div><!-- \/.sc_title -->[vc_empty_space height=&#8221;20px&#8221; alter_height=&#8221;none&#8221; hide_on_wide=&#8221;&#8221; hide_on_desktop=&#8221;&#8221; hide_on_notebook=&#8221;&#8221; hide_on_tablet=&#8221;&#8221; hide_on_mobile=&#8221;1&#8243;][vc_column_text]La conformaci\u00f3n del Sistema Nacional de Bibliotecas de la Universidad Cat\u00f3lica Boliviana \u201cSan Pablo\u201d, surge a ra\u00edz de la organizaci\u00f3n de actividades conjuntas con las responsables de las Bibliotecas de Sedes: Cochabamba, Santa Cruz, Tarija y La Paz a partir del a\u00f1o 2009.<\/p>\n<p>Se oficializa la creaci\u00f3n del SNB-UCB, con la Resoluci\u00f3n Rectoral No. 001\/2012 en fecha 13 de marzo de 2012.<\/p>\n<p>Las universidades mantienen como principales objetivos la educaci\u00f3n, la investigaci\u00f3n y la vinculaci\u00f3n con la sociedad.<\/p>\n<p>El Sistema Nacional de Bibliotecas UCB tiene como prop\u00f3sito destinar recursos para la innovaci\u00f3n cient\u00edfico-t\u00e9cnica y la conservaci\u00f3n de la informaci\u00f3n para brindar a los usuarios un servicio eficiente, de calidad, con r\u00e1pido acceso a la informaci\u00f3n y apoyo a la investigaci\u00f3n, mediante la capacitaci\u00f3n de herramientas y normativa referente al proceso de investigaci\u00f3n.[\/vc_column_text][vc_empty_space alter_height=&#8221;medium&#8221; hide_on_wide=&#8221;&#8221; hide_on_desktop=&#8221;&#8221; hide_on_notebook=&#8221;&#8221; hide_on_tablet=&#8221;&#8221; hide_on_mobile=&#8221;&#8221;]<\/div><\/div><!-- \/.sc_content -->[\/vc_column][\/vc_row][vc_row content_placement=&#8221;middle&#8221;][vc_column hide_bg_image_on_tablet=&#8221;&#8221; hide_bg_image_on_mobile=&#8221;&#8221; icons_position=&#8221;left&#8221; offset=&#8221;vc_col-lg-6&#8243;]<div id=\"sc_content_1976104423\"\n\t\tclass=\"sc_content sc_content_default sc_float_center sc_padding_tiny content-side-padding-remove  vc_custom_1557159360446\"><div class=\"sc_content_container\">[vc_empty_space alter_height=&#8221;medium&#8221; hide_on_wide=&#8221;&#8221; hide_on_desktop=&#8221;&#8221; hide_on_notebook=&#8221;&#8221; hide_on_tablet=&#8221;&#8221; hide_on_mobile=&#8221;&#8221;]<div id=\"sc_title_2010626646\"\n\t\tclass=\"sc_title sc_title_accent\"><h4 class=\"sc_item_title sc_title_title sc_align_left sc_item_title_style_accent sc_item_title_tag\"><span class=\"sc_item_title_text\">Objetivos y metas<\/span><\/h4><\/div><!-- \/.sc_title -->[vc_empty_space height=&#8221;20px&#8221; alter_height=&#8221;none&#8221; hide_on_wide=&#8221;&#8221; hide_on_desktop=&#8221;&#8221; hide_on_notebook=&#8221;&#8221; hide_on_tablet=&#8221;&#8221; hide_on_mobile=&#8221;1&#8243;][vc_column_text]<\/p>\n<ul>\n<li>Brindar servicios de apoyo acad\u00e9mico para la investigaci\u00f3n, docencia y formaci\u00f3n de los estudiantes para contribuir con los procesos de ense\u00f1anza-aprendizaje, interacci\u00f3n social, investigaci\u00f3n, desarrollo e innovaci\u00f3n<\/li>\n<li>Recolectar, organizar, clasificar, difundir, actualizar y recuperar informaci\u00f3n f\u00edsica y digital.<\/li>\n<li>Apoyar a la Universidad Cat\u00f3lica Boliviana \u201cSan Pablo\u201d para promocionar los servicios que ofrece a otras Instituciones de educaci\u00f3n y a la sociedad en su conjunto.<\/li>\n<\/ul>\n<ul>\n<li>Brindar servicios de informaci\u00f3n, comunicaci\u00f3n y capacitaci\u00f3n a los usuarios para que logren competencias en la b\u00fasqueda y uso adecuado de informaci\u00f3n f\u00edsica y digital.<\/li>\n<li>Almacenar en repositorios institucionales de la propiedad intelectual que genera la UCB a trav\u00e9s de diferentes soportes f\u00edsicos y digitales. (Trabajos de titulaci\u00f3n de pregrado y posgrado, art\u00edculos cient\u00edficos, revistas cient\u00edficas, libros, papers, videos y otros) para su preservaci\u00f3n y difusi\u00f3n adecuada.<\/li>\n<li>Extender los servicios de informaci\u00f3n a los usuarios con capacidades diferentes<\/li>\n<\/ul>\n<ul>\n<li>Adecuar los servicios de informaci\u00f3n a los avances de la ciencia y la tecnolog\u00eda para apoyar la educaci\u00f3n virtual como la actualizaci\u00f3n del sistema de gesti\u00f3n bibliotecaria KOHA.<\/li>\n<\/ul>\n<p>[\/vc_column_text][vc_empty_space alter_height=&#8221;medium&#8221; hide_on_wide=&#8221;&#8221; hide_on_desktop=&#8221;&#8221; hide_on_notebook=&#8221;&#8221; hide_on_tablet=&#8221;&#8221; hide_on_mobile=&#8221;&#8221;]<\/div><\/div><!-- \/.sc_content -->[\/vc_column][vc_column hide_bg_image_on_tablet=&#8221;&#8221; hide_bg_image_on_mobile=&#8221;&#8221; icons_position=&#8221;left&#8221; offset=&#8221;vc_col-lg-6&#8243;][vc_empty_space alter_height=&#8221;small&#8221; hide_on_wide=&#8221;1&#8243; hide_on_desktop=&#8221;&#8221; hide_on_notebook=&#8221;&#8221; hide_on_tablet=&#8221;&#8221; hide_on_mobile=&#8221;&#8221;][vc_row_inner][vc_column_inner width=&#8221;1\/12&#8243; icons_position=&#8221;left&#8221; offset=&#8221;vc_hidden-lg vc_col-md-2 vc_hidden-xs&#8221;][\/vc_column_inner][vc_column_inner width=&#8221;5\/12&#8243; hide_bg_image_on_tablet=&#8221;&#8221; hide_bg_image_on_mobile=&#8221;&#8221; icons_position=&#8221;left&#8221; offset=&#8221;vc_col-lg-6 vc_col-md-4 vc_col-xs-6&#8243;][vc_single_image image=&#8221;2403&#8243; img_size=&#8221;full&#8221;][vc_empty_space alter_height=&#8221;medium&#8221; hide_on_wide=&#8221;&#8221; hide_on_desktop=&#8221;&#8221; hide_on_notebook=&#8221;&#8221; hide_on_tablet=&#8221;&#8221; hide_on_mobile=&#8221;&#8221;][\/vc_column_inner][vc_column_inner width=&#8221;5\/12&#8243; hide_bg_image_on_tablet=&#8221;&#8221; hide_bg_image_on_mobile=&#8221;&#8221; icons_position=&#8221;left&#8221; offset=&#8221;vc_col-lg-6 vc_col-md-4 vc_col-xs-6&#8243;][vc_empty_space alter_height=&#8221;medium&#8221; hide_on_wide=&#8221;&#8221; hide_on_desktop=&#8221;&#8221; hide_on_notebook=&#8221;&#8221; hide_on_tablet=&#8221;&#8221; hide_on_mobile=&#8221;&#8221;][vc_single_image image=&#8221;2397&#8243; img_size=&#8221;full&#8221; alignment=&#8221;right&#8221;][\/vc_column_inner][vc_column_inner width=&#8221;1\/12&#8243; hide_bg_image_on_tablet=&#8221;&#8221; hide_bg_image_on_mobile=&#8221;&#8221; icons_position=&#8221;left&#8221; offset=&#8221;vc_hidden-lg vc_col-md-2 vc_hidden-xs&#8221;][\/vc_column_inner][\/vc_row_inner][\/vc_column][\/vc_row][vc_row][vc_column icons_position=&#8221;left&#8221;][vc_column_text]<\/p>\n<p>[\/vc_column_text][\/vc_column][\/vc_row][vc_row full_width=&#8221;stretch_row&#8221; scheme=&#8221;dark&#8221; hide_bg_image_on_tablet=&#8221;&#8221; hide_bg_image_on_mobile=&#8221;&#8221; shape_divider_top_front=&#8221;&#8221; shape_divider_bottom_front=&#8221;&#8221; css=&#8221;.vc_custom_1702010784252{background-image: url(https:\/\/ucb.edu.bo\/biblioteca\/wp-content\/uploads\/2023\/12\/Group-1-min-1.jpg?id=2631) !important;background-position: center !important;background-repeat: no-repeat !important;background-size: cover !important;}&#8221;][vc_column icons_position=&#8221;left&#8221;][vc_empty_space height=&#8221;30px&#8221; alter_height=&#8221;none&#8221; hide_on_wide=&#8221;&#8221; hide_on_desktop=&#8221;&#8221; hide_on_notebook=&#8221;&#8221; hide_on_tablet=&#8221;1&#8243; hide_on_mobile=&#8221;1&#8243;][vc_empty_space height=&#8221;80px&#8221; alter_height=&#8221;none&#8221; hide_on_wide=&#8221;1&#8243; hide_on_desktop=&#8221;1&#8243; hide_on_notebook=&#8221;1&#8243; hide_on_tablet=&#8221;&#8221; hide_on_mobile=&#8221;1&#8243;][vc_empty_space height=&#8221;60px&#8221; alter_height=&#8221;none&#8221; hide_on_wide=&#8221;1&#8243; hide_on_desktop=&#8221;1&#8243; hide_on_notebook=&#8221;1&#8243; hide_on_tablet=&#8221;1&#8243; hide_on_mobile=&#8221;&#8221;]<div id=\"sc_title_1784623255\"\n\t\tclass=\"sc_title sc_title_accent\"><h2 class=\"sc_item_title sc_title_title sc_align_center sc_item_title_style_accent sc_item_title_tag\"><span class=\"sc_item_title_text\">Afiliaciones<\/span><\/h2><\/div><!-- \/.sc_title -->[vc_empty_space alter_height=&#8221;small&#8221; hide_on_wide=&#8221;&#8221; hide_on_desktop=&#8221;&#8221; hide_on_notebook=&#8221;&#8221; hide_on_tablet=&#8221;&#8221; hide_on_mobile=&#8221;&#8221;][\/vc_column][vc_column hide_bg_image_on_tablet=&#8221;&#8221; hide_bg_image_on_mobile=&#8221;&#8221; icons_position=&#8221;left&#8221; offset=&#8221;vc_hidden-sm vc_hidden-xs&#8221;]<div id=\"sc_icons_493687516\" \n\tclass=\"sc_icons sc_icons_default sc_icons_size_large sc_align_center recursos-icon\"><div class=\"sc_icons_columns_wrap sc_item_columns trx_addons_columns_wrap columns_padding_bottom columns_in_single_row\"><div class=\"trx_addons_column-1_3\"><div class=\"sc_icons_item sc_icons_item_linked\"><div class=\"sc_icons_icon sc_icon_type_ icon-icon_12\" style=\"color: #ffffff\"><span class=\"sc_icon_type_ icon-icon_12\" style=\"color: #ffffff\"><\/span><\/div><div class=\"sc_icons_item_details\"><h4 class=\"sc_icons_item_title\"><span>Biblioteca Digital<\/span><span><\/span><span>ODUCAL<\/span><\/h4><a href=\"https:\/\/bibliotecadigital.oducal.com\/?lng=es\"\n\t\t\t\t\t\tclass=\"sc_icons_item_link\"><\/a><\/div><\/div><\/div><div class=\"trx_addons_column-1_3\"><div class=\"sc_icons_item sc_icons_item_linked\"><div class=\"sc_icons_icon sc_icon_type_ icon-book\" style=\"color: #ffffff\"><span class=\"sc_icon_type_ icon-book\" style=\"color: #ffffff\"><\/span><\/div><div class=\"sc_icons_item_details\"><h4 class=\"sc_icons_item_title\"><span>IBNORCA<\/span><\/h4><a href=\"https:\/\/www.ibnorca.org\/\"\n\t\t\t\t\t\tclass=\"sc_icons_item_link\"><\/a><\/div><\/div><\/div><div class=\"trx_addons_column-1_3\"><div class=\"sc_icons_item sc_icons_item_linked\"><div class=\"sc_icons_icon sc_icon_type_ icon-globe\" style=\"color: #ffffff\"><span class=\"sc_icon_type_ icon-globe\" style=\"color: #ffffff\"><\/span><\/div><div class=\"sc_icons_item_details\"><h4 class=\"sc_icons_item_title\"><span>IFLA<\/span><\/h4><a href=\"https:\/\/www.ifla.org\/\"\n\t\t\t\t\t\tclass=\"sc_icons_item_link\"><\/a><\/div><\/div><\/div><\/div><\/div><!-- \/.sc_icons -->[\/vc_column][vc_column hide_bg_image_on_tablet=&#8221;&#8221; hide_bg_image_on_mobile=&#8221;&#8221; icons_position=&#8221;left&#8221; offset=&#8221;vc_hidden-lg vc_hidden-md&#8221;]<div id=\"sc_icons_674903893\" \n\tclass=\"sc_icons sc_icons_default sc_icons_size_large sc_align_center recursos-icon\"><div class=\"sc_icons_columns_wrap sc_item_columns trx_addons_columns_wrap columns_padding_bottom columns_in_single_row\"><div class=\"trx_addons_column-1_3\"><div class=\"sc_icons_item sc_icons_item_linked\"><div class=\"sc_icons_icon sc_icon_type_ icon-icon_12\"><span class=\"sc_icon_type_ icon-icon_12\"><\/span><\/div><div class=\"sc_icons_item_details\"><h4 class=\"sc_icons_item_title\"><span>Biblioteca Digital<\/span><span><\/span><span>ODUCAL<\/span><\/h4><a href=\"https:\/\/bibliotecadigital.oducal.com\/?lng=es\"\n\t\t\t\t\t\tclass=\"sc_icons_item_link\"><\/a><\/div><\/div><\/div><div class=\"trx_addons_column-1_3\"><div class=\"sc_icons_item sc_icons_item_linked\"><div class=\"sc_icons_icon sc_icon_type_ icon-icon_14\"><span class=\"sc_icon_type_ icon-icon_14\"><\/span><\/div><div class=\"sc_icons_item_details\"><h4 class=\"sc_icons_item_title\"><span>IBNORCA<\/span><\/h4><a href=\"https:\/\/www.ibnorca.org\/\"\n\t\t\t\t\t\tclass=\"sc_icons_item_link\"><\/a><\/div><\/div><\/div><div class=\"trx_addons_column-1_3\"><div class=\"sc_icons_item sc_icons_item_linked\"><div class=\"sc_icons_icon sc_icon_type_ icon-icon_15\"><span class=\"sc_icon_type_ icon-icon_15\"><\/span><\/div><div class=\"sc_icons_item_details\"><h4 class=\"sc_icons_item_title\"><span>IFLA<\/span><\/h4><a href=\"https:\/\/www.ifla.org\/\"\n\t\t\t\t\t\tclass=\"sc_icons_item_link\"><\/a><\/div><\/div><\/div><\/div><\/div><!-- \/.sc_icons -->[\/vc_column][vc_column icons_position=&#8221;left&#8221;][vc_empty_space height=&#8221;100px&#8221; alter_height=&#8221;none&#8221; hide_on_wide=&#8221;&#8221; hide_on_desktop=&#8221;&#8221; hide_on_notebook=&#8221;&#8221; hide_on_tablet=&#8221;1&#8243; hide_on_mobile=&#8221;1&#8243;][vc_empty_space height=&#8221;80px&#8221; alter_height=&#8221;none&#8221; hide_on_wide=&#8221;1&#8243; hide_on_desktop=&#8221;1&#8243; hide_on_notebook=&#8221;1&#8243; hide_on_tablet=&#8221;&#8221; hide_on_mobile=&#8221;1&#8243;][vc_empty_space height=&#8221;60px&#8221; alter_height=&#8221;none&#8221; hide_on_wide=&#8221;1&#8243; hide_on_desktop=&#8221;1&#8243; hide_on_notebook=&#8221;1&#8243; hide_on_tablet=&#8221;1&#8243; hide_on_mobile=&#8221;&#8221;][\/vc_column][\/vc_row]<\/p>\n<\/section>","protected":false},"excerpt":{"rendered":"<p>[vc_row full_width=&#8221;stretch_row_content&#8221; content_placement=&#8221;middle&#8221; hide_bg_image_on_tablet=&#8221;&#8221; hide_bg_image_on_mobile=&#8221;&#8221; shape_divider_top_front=&#8221;&#8221; shape_divider_bottom_front=&#8221;&#8221; row_delimiter=&#8221;&#8221; row_hide_unfixed=&#8221;&#8221; hide_on_wide=&#8221;&#8221; hide_on_desktop=&#8221;&#8221; hide_on_notebook=&#8221;&#8221;&hellip;<\/p>\n","protected":false},"author":1,"featured_media":0,"parent":0,"menu_order":0,"comment_status":"closed","ping_status":"closed","template":"","meta":{"footnotes":""},"class_list":["post-264","page","type-page","status-publish","hentry"],"_links":{"self":[{"href":"https:\/\/ucb.edu.bo\/biblioteca\/wp-json\/wp\/v2\/pages\/264","targetHints":{"allow":["GET"]}}],"collection":[{"href":"https:\/\/ucb.edu.bo\/biblioteca\/wp-json\/wp\/v2\/pages"}],"about":[{"href":"https:\/\/ucb.edu.bo\/biblioteca\/wp-json\/wp\/v2\/types\/page"}],"author":[{"embeddable":true,"href":"https:\/\/ucb.edu.bo\/biblioteca\/wp-json\/wp\/v2\/users\/1"}],"replies":[{"embeddable":true,"href":"https:\/\/ucb.edu.bo\/biblioteca\/wp-json\/wp\/v2\/comments?post=264"}],"version-history":[{"count":29,"href":"https:\/\/ucb.edu.bo\/biblioteca\/wp-json\/wp\/v2\/pages\/264\/revisions"}],"predecessor-version":[{"id":2741,"href":"https:\/\/ucb.edu.bo\/biblioteca\/wp-json\/wp\/v2\/pages\/264\/revisions\/2741"}],"wp:attachment":[{"href":"https:\/\/ucb.edu.bo\/biblioteca\/wp-json\/wp\/v2\/media?parent=264"}],"curies":[{"name":"wp","href":"https:\/\/api.w.org\/{rel}","templated":true}]}}